{"id":42416,"date":"2025-03-06T13:14:09","date_gmt":"2025-03-06T13:14:09","guid":{"rendered":"https:\/\/otkert.hu\/?post_type=product&#038;p=42416"},"modified":"2026-02-17T15:53:32","modified_gmt":"2026-02-17T15:53:32","slug":"gold-7","status":"publish","type":"product","link":"https:\/\/otkert.hu\/hu\/termek\/gold-7\/","title":{"rendered":"Gold &#8211; 7"},"content":{"rendered":"","protected":false},"excerpt":{"rendered":"","protected":false},"featured_media":0,"template":"","meta":{"_acf_changed":false,"site-sidebar-layout":"default","site-content-layout":"default","ast-site-content-layout":"default","site-content-style":"default","site-sidebar-style":"default","ast-global-header-display":"","ast-banner-title-visibility":"","ast-main-header-display":"","ast-hfb-above-header-display":"","ast-hfb-below-header-display":"","ast-hfb-mobile-header-display":"","site-post-title":"","ast-breadcrumbs-content":"","ast-featured-img":"","footer-sml-layout":"","theme-transparent-header-meta":"default","adv-header-id-meta":"","stick-header-meta":"","header-above-stick-meta":"","header-main-stick-meta":"","header-below-stick-meta":"","astra-migrate-meta-layouts":"set","ast-page-background-enabled":"default","ast-page-background-meta":{"desktop":{"background-color":"var(--ast-global-color-4)","background-image":"","background-repeat":"repeat","background-position":"center center","background-size":"auto","background-attachment":"scroll","background-type":"","background-media":"","overlay-type":"","overlay-color":"","overlay-opacity":"","overlay-gradient":""},"tablet":{"background-color":"","background-image":"","background-repeat":"repeat","background-position":"center center","background-size":"auto","background-attachment":"scroll","background-type":"","background-media":"","overlay-type":"","overlay-color":"","overlay-opacity":"","overlay-gradient":""},"mobile":{"background-color":"","background-image":"","background-repeat":"repeat","background-position":"center center","background-size":"auto","background-attachment":"scroll","background-type":"","background-media":"","overlay-type":"","overlay-color":"","overlay-opacity":"","overlay-gradient":""}},"ast-content-background-meta":{"desktop":{"background-color":"var(--ast-global-color-5)","background-image":"","background-repeat":"repeat","background-position":"center center","background-size":"auto","background-attachment":"scroll","background-type":"","background-media":"","overlay-type":"","overlay-color":"","overlay-opacity":"","overlay-gradient":""},"tablet":{"background-color":"var(--ast-global-color-5)","background-image":"","background-repeat":"repeat","background-position":"center center","background-size":"auto","background-attachment":"scroll","background-type":"","background-media":"","overlay-type":"","overlay-color":"","overlay-opacity":"","overlay-gradient":""},"mobile":{"background-color":"var(--ast-global-color-5)","background-image":"","background-repeat":"repeat","background-position":"center center","background-size":"auto","background-attachment":"scroll","background-type":"","background-media":"","overlay-type":"","overlay-color":"","overlay-opacity":"","overlay-gradient":""}},"_elementor_data":""},"product_brand":[],"product_cat":[40],"product_tag":[],"class_list":{"0":"post-42416","1":"product","2":"type-product","3":"status-publish","5":"product_cat-silver","6":"desktop-align-left","7":"tablet-align-left","8":"mobile-align-left","10":"first","11":"instock","12":"virtual","13":"taxable","14":"purchasable","15":"product-type-appointment"},"exclude_global_add_ons":false,"addons":[{"name":"Vend\u00e9gek sz\u00e1ma","type":"input_multiplier","position":0,"required":true,"title_format":"label","default":"","description_enable":true,"description":"Foglalhat\u00f3 vend\u00e9gek sz\u00e1ma: Minimum 1 f\u0151 Maximum 8 f\u0151 ","placeholder_enable":false,"placeholder":"","display":"select","restrictions_type":"any_text","adjust_price":true,"price":"25000","price_type":"quantity_based","restrictions":true,"min":"1","max":"8","options":[],"id":1679334886},{"name":"Az \u00d6tkertbe t\u00f6rt\u00e9n\u0151 bel\u00e9p\u00e9s szab\u00e1lyai","type":"checkbox","position":1,"required":true,"title_format":"label","default":"","description_enable":true,"description":"<a class=\"adatvedelem\" href=\"https:\/\/otkert.hu\/belepesi-szabalyzat\/\" target=\"_blank\" rel=\"noopener\">\u00d6tkert Budapest bel\u00e9p\u00e9si szab\u00e1lyzat megtekint\u00e9se<\/a>","placeholder_enable":false,"placeholder":"","display":"select","restrictions_type":"any_text","adjust_price":false,"price":"","price_type":"flat_fee","restrictions":false,"min":"0","max":"0","options":[{"label":"Elolvastam \u00e9s elfogadom az \u00d6tkert Budapest bel\u00e9p\u00e9si szab\u00e1lyzat\u00e1t.","price":"","price_type":"flat_fee","image":0,"visibility":true}],"id":1679334887},{"name":"Az asztalok \u00e1ra tartalmazza a foglal\u00e1si d\u00edjat (5.000 Ft\/f\u0151) \u00e9s a lefogyaszthat\u00f3 \u00f6sszeget.","type":"heading","position":2,"required":false,"title_format":"label","default":"","description_enable":false,"description":"","placeholder_enable":false,"placeholder":"","display":"select","restrictions_type":"any_text","adjust_price":false,"price":"","price_type":"flat_fee","restrictions":false,"min":"0","max":"0","options":[],"id":1679334888},{"name":"V\u00e1rhat\u00f3 \u00e9rkez\u00e9si id\u0151","type":"multiple_choice","position":0,"required":false,"title_format":"label","default":"","description_enable":false,"description":"","placeholder_enable":false,"placeholder":"","display":"select","restrictions_type":"any_text","adjust_price":false,"price":"","price_type":"flat_fee","restrictions":false,"min":"0","max":"0","options":[{"label":"23:00","price":"","price_type":"flat_fee","image":0,"visibility":true},{"label":"23:30","price":"","price_type":"flat_fee","image":0,"visibility":true},{"label":"00:00","price":"","price_type":"flat_fee","image":0,"visibility":true},{"label":"00:30","price":"","price_type":"flat_fee","image":0,"visibility":true},{"label":"01:00","price":"","price_type":"flat_fee","image":0,"visibility":true}],"id":1707898251}],"acf":[],"_links":{"self":[{"href":"https:\/\/otkert.hu\/hu\/wp-json\/wp\/v2\/product\/42416","targetHints":{"allow":["GET"]}}],"collection":[{"href":"https:\/\/otkert.hu\/hu\/wp-json\/wp\/v2\/product"}],"about":[{"href":"https:\/\/otkert.hu\/hu\/wp-json\/wp\/v2\/types\/product"}],"wp:attachment":[{"href":"https:\/\/otkert.hu\/hu\/wp-json\/wp\/v2\/media?parent=42416"}],"wp:term":[{"taxonomy":"product_brand","embeddable":true,"href":"https:\/\/otkert.hu\/hu\/wp-json\/wp\/v2\/product_brand?post=42416"},{"taxonomy":"product_cat","embeddable":true,"href":"https:\/\/otkert.hu\/hu\/wp-json\/wp\/v2\/product_cat?post=42416"},{"taxonomy":"product_tag","embeddable":true,"href":"https:\/\/otkert.hu\/hu\/wp-json\/wp\/v2\/product_tag?post=42416"}],"curies":[{"name":"wp","href":"https:\/\/api.w.org\/{rel}","templated":true}]}}