{"id":48703,"date":"2025-11-24T08:53:03","date_gmt":"2025-11-24T08:53:03","guid":{"rendered":"https:\/\/otkert.hu\/?page_id=48703"},"modified":"2025-11-24T09:02:47","modified_gmt":"2025-11-24T09:02:47","slug":"hazirend","status":"publish","type":"page","link":"https:\/\/otkert.hu\/hu\/hazirend\/","title":{"rendered":"H\u00e1zirend"},"content":{"rendered":"\t\t<div data-elementor-type=\"wp-page\" data-elementor-id=\"48703\" class=\"elementor elementor-48703\" data-elementor-post-type=\"page\">\n\t\t\t\t<div class=\"elementor-element elementor-element-35fb2ca e-flex e-con-boxed e-con e-parent\" data-id=\"35fb2ca\" data-element_type=\"container\" data-settings=\"{&quot;jet_parallax_layout_list&quot;:[]}\">\n\t\t\t\t\t<div class=\"e-con-inner\">\n\t\t\t\t<div class=\"elementor-element elementor-element-fc82a7a elementor-widget elementor-widget-text-editor\" data-id=\"fc82a7a\" data-element_type=\"widget\" data-widget_type=\"text-editor.default\">\n\t\t\t\t<div class=\"elementor-widget-container\">\n\t\t\t\t\t\t\t\t\t<p class=\"p1\"><span class=\"s1\">1.\/ <\/span>Cs\u00fct\u00f6rt\u00f6kt\u0151l szombatig csak az l\u00e9phet be a klub ter\u00fclet\u00e9re, aki bet\u00f6lt\u00f6tte a 18. \u00e9let\u00e9v\u00e9t, \u00e9s ezt \u00e9rv\u00e9nyes, j\u00f3l beazonos\u00edthat\u00f3 hat\u00f3s\u00e1gi igazolv\u00e1nnyal igazolni tudja. Az \u00d6tkert Kft. \u00e1ltal elfogadott igazolv\u00e1nyok: szem\u00e9lyazonos\u00edt\u00f3 igazolv\u00e1ny vagy vezet\u0151i enged\u00e9ly. Szkennelt, befot\u00f3zott vagy f\u00e9nym\u00e1solt okm\u00e1nyokat nem \u00e1ll m\u00f3dunkban elfogadni.<\/p><p class=\"p1\"><span class=\"s1\">2.\/ <\/span>Nem l\u00e9phet be az \u00d6tkert ter\u00fclet\u00e9re \u00e9s bel\u00e9p\u00e9se megtagadhat\u00f3:<\/p><p class=\"p1\">\u2013 aki szemmel l\u00e1that\u00f3an alkohol vagy drog befoly\u00e1sa alatt \u00e1ll vagy kultur\u00e1latlan viselked\u00e9st tan\u00fas\u00edt,<\/p><p class=\"p1\">\u2013 akin\u00e9l b\u00e1rmilyen vesz\u00e9lyes eszk\u00f6z tal\u00e1lhat\u00f3,<\/p><p class=\"p1\">\u2013 akit (vagy t\u00e1rsas\u00e1g\u00e1t) kor\u00e1bbi viselked\u00e9se miatt kik\u00eds\u00e9rtek,<\/p><p class=\"p1\">\u2013 akit a szem\u00e9lyzet a bent sz\u00f3rakoz\u00f3kra n\u00e9zve vesz\u00e9lyesnek \u00edt\u00e9l meg.<\/p><p class=\"p1\">A bel\u00e9p\u00e9s minden esetben egyszeri bel\u00e9p\u00e9sre jogos\u00edt!<\/p><p class=\"p1\"><span class=\"s1\">3.\/ <\/span>K\u00e1b\u00edt\u00f3szerrel kapcsolatos rendelkez\u00e9sek (A 2025. November 18-\u00e1n hat\u00e1lyba l\u00e9pett<\/p><p class=\"p1\">jogszab\u00e1lyi szigor\u00edt\u00e1sokhoz igaz\u00edtva.):<\/p><p class=\"p1\">\u2013 Az \u00d6tkert ter\u00fclet\u00e9n szigor\u00faan tilos b\u00e1rmilyen k\u00e1b\u00edt\u00f3szer vagy \u00faj pszichoakt\u00edv anyag haszn\u00e1lata, birtokl\u00e1sa, \u00e1tad\u00e1sa vagy kereskedelme.<\/p><p class=\"p1\">\u2013 A \u201ek\u00e1b\u00edt\u00f3szer\u201d fogalma mag\u00e1ban foglalja az \u00faj pszichoakt\u00edv anyagokat is, az aktu\u00e1lis hat\u00e1lyos jogszab\u00e1lyok szerint<\/p><p class=\"p1\">\u2013 A biztons\u00e1gi szolg\u00e1lat jogosult bel\u00e9p\u00e9skor a vend\u00e9gek t\u00e1sk\u00e1j\u00e1t \u00e9s ruh\u00e1zat\u00e1t megtekinteni, \u00e9s indokolt esetben igazoltatni vagy int\u00e9zkedni, ha k\u00e1b\u00edt\u00f3szer-gyan\u00fa mer\u00fcl fel.<\/p><p class=\"p1\">\u2013Amennyiben a vend\u00e9gr\u0151l meg\u00e1llap\u00edthat\u00f3, hogy k\u00e1b\u00edt\u00f3szer hat\u00e1sa alatt \u00e1ll, vagy a ter\u00fcletre tiltott anyagot pr\u00f3b\u00e1l bevinni, a szem\u00e9ly bel\u00e9p\u00e9se megtagadhat\u00f3, vagy az \u00d6tkertb\u0151l azonnal elt\u00e1vol\u00edthat\u00f3.<\/p><p class=\"p1\">\u2013 K\u00e1b\u00edt\u00f3szerrel kapcsolatos szab\u00e1lyszeg\u00e9s eset\u00e9n az \u00dczemeltet\u0151 bel\u00e9p\u00e9si tilalmat rendelhet el hat\u00e1rozott vagy hat\u00e1rozatlan id\u0151tartamra.<\/p><p class=\"p1\">\u2013 Az \u00d6tkert fenntartja az egy\u00fcttm\u0171k\u00f6d\u00e9st a rend\u0151rs\u00e9ggel \u00e9s egy\u00e9b hat\u00f3s\u00e1gokkal; sz\u00fcks\u00e9g eset\u00e9n a biztons\u00e1gi szolg\u00e1lat bejelent\u00e9st tesz.<\/p><p class=\"p1\"><span class=\"s1\">4.\/ <\/span>Az \u00dczemeltet\u0151 az \u00d6tkertben tart\u00f3zkod\u00f3k biztons\u00e1ga \u00e9rdek\u00e9ben fenntartja a jogot arra,\u00a0hogy az \u00d6tkert ter\u00fclet\u00e9re bevihet\u0151 t\u00e1rgyakat eszk\u00f6z\u00f6ket korl\u00e1tozza. \u00cdgy k\u00fcl\u00f6n\u00f6sen tilos az \u00d6tkert ter\u00fclet\u00e9re a k\u00f6zbiztons\u00e1gra k\u00fcl\u00f6n\u00f6sen vesz\u00e9lyes eszk\u00f6z\u00f6kr\u0151l sz\u00f3l\u00f3 mindenkori jogszab\u00e1lyban \u2013 jelenleg a 175\/2003. (X. 28.) Korm. rendeletben \u2013 meghat\u00e1rozott,\u00a0k\u00f6zbiztons\u00e1gra k\u00fcl\u00f6n\u00f6sen vesz\u00e9lyes t\u00e1rgyakat, illetve \u00e1ltal\u00e1ban olyan t\u00e1rgyakat bevinni, amelyek birtokl\u00e1sa jogellenes, vagy amelyek az \u00d6tkert ter\u00fclet\u00e9n tart\u00f3zkod\u00f3 szem\u00e9lyek biztons\u00e1g\u00e1ra n\u00e9zve egy\u00e9bk\u00e9nt vesz\u00e9lyt jelenthetnek. A korl\u00e1toz\u00e1s al\u00e1 es\u0151 t\u00e1rgyakkal a L\u00e1togat\u00f3 az \u00d6tkert ter\u00fclet\u00e9re nem l\u00e9phet be.<\/p><p class=\"p1\"><span class=\"s1\">5.\/ <\/span>Az \u00d6tkert ter\u00fclet\u00e9n 18 \u00e9ven aluliakat \u00e9s ittas szem\u00e9lyeket szeszes itallal nem szolg\u00e1lnak ki. A pultokn\u00e1l val\u00f3 kiszolg\u00e1l\u00e1s sor\u00e1n a l\u00e1togat\u00f3 az \u00e9letkor\u00e1nak szem\u00e9lyazonos\u00edt\u00f3 okm\u00e1nnyal t\u00f6rt\u00e9n\u0151 igazol\u00e1s\u00e1ra k\u00e9rhet\u0151 fel. Amennyiben az \u00e9letkor\u00e1t a l\u00e1togat\u00f3 nem k\u00e9pes vagy nem hajland\u00f3 az el\u0151z\u0151ekben \u00edrtak szerint igazolni, az \u00d6tkert megtagadhatja a szeszesitallal t\u00f6rt\u00e9n\u0151 kiszolg\u00e1l\u00e1st. A hat\u00e1lyos jogszab\u00e1lyok alapj\u00e1n k\u00e1b\u00edt\u00f3szernek min\u0151s\u00fcl\u0151 anyagok fogyaszt\u00e1sa az \u00d6tkert ter\u00fclet\u00e9n tilos.<\/p><p class=\"p1\"><span class=\"s1\">6.\/ <\/span>Az \u00dczemeltet\u0151 a szem\u00e9ly- \u00e9s vagyonv\u00e9delmi, valamint a mag\u00e1nnyomoz\u00f3i tev\u00e9kenys\u00e9g szab\u00e1lyair\u00f3l sz\u00f3l\u00f3 2005. \u00e9vi CXXXIII. t\u00f6rv\u00e9ny 26. \u00a7-a alapj\u00e1n jogosult az \u00d6tkert bej\u00e1rat\u00e1n\u00e1l \u00e9s ter\u00fclet\u00e9n a csomagok \u00e1tvizsg\u00e1l\u00e1s\u00e1ra, meghat\u00e1rozott szem\u00e9lyek elt\u00e1vol\u00edt\u00e1s\u00e1ra, illet\u0151leg bel\u00e9p\u00e9s\u00fck megakad\u00e1lyoz\u00e1s\u00e1ra. Az \u00dczemeltet\u0151 a h\u00e1zirend betart\u00e1sa \u00e9rdek\u00e9ben a v\u00e1llalkoz\u00e1s keret\u00e9ben v\u00e9gzett szem\u00e9ly- \u00e9s vagyonv\u00e9delmi, valamint a mag\u00e1nnyomoz\u00f3i tev\u00e9kenys\u00e9g szab\u00e1lyair\u00f3l, a Szem\u00e9ly- , Vagyonv\u00e9delmi \u00e9s Mag\u00e1nnyomoz\u00f3i Szakmai Kamar\u00e1r\u00f3l sz\u00f3l\u00f3 1998. \u00e9vi IV. t\u00f6rv\u00e9nyben meghat\u00e1rozott szem\u00e9ly- \u00e9s vagyonv\u00e9delmi szolg\u00e1lat k\u00f6zrem\u0171k\u00f6d\u00e9s\u00e9t veszi ig\u00e9nybe. A L\u00e1togat\u00f3 a bel\u00e9p\u00e9ssel kifejezetten v\u00e1llalja, hogy ezen k\u00f6zrem\u0171k\u00f6d\u0151kkel a jogszab\u00e1lyi keretek k\u00f6z\u00f6tt messzemen\u0151en egy\u00fcttm\u0171k\u00f6dik, vesz\u00e9lyhelyzet eset\u00e9n utas\u00edt\u00e1saikat k\u00f6veti. Amennyiben a L\u00e1togat\u00f3 ezen szem\u00e9lyek elj\u00e1r\u00e1s\u00e1val szemben panaszt k\u00edv\u00e1n tenni, \u00fagy azt az \u00dczemeltet\u0151 irodahelyis\u00e9g\u00e9ben teheti meg.<\/p><p class=\"p1\"><span class=\"s1\">7.\/<\/span> Aki a vend\u00e9gekkel, szem\u00e9lyzettel szemben agressz\u00edven viselkedik, minden tov\u00e1bbi n\u00e9lk\u00fcl elt\u00e1vol\u00edthat\u00f3 a sz\u00f3rakoz\u00f3helyr\u0151l!<\/p><p class=\"p1\"><span class=\"s1\">8.\/<\/span> A ruhat\u00e1r haszn\u00e1lata \u0151szi-t\u00e9li id\u0151szakban k\u00f6telez\u0151, tov\u00e1bb\u00e1 aj\u00e1nljuk az \u00e9rt\u00e9kmeg\u0151rz\u0151 kazett\u00e1k haszn\u00e1lat\u00e1t!<\/p><p class=\"p1\"><span class=\"s1\">9.\/<\/span> A L\u00e1togat\u00f3 nem jogosult bevinni az \u00d6tkert ter\u00fclet\u00e9re a nem az \u00d6tkert ter\u00fclet\u00e9n \u2013 az \u00fczemeltet\u0151 \u00e1ltal \u2013 forgalmazott italokat, \u00e9lelmiszereket.<\/p><p class=\"p1\"><span class=\"s1\">10.\/<\/span> Az \u00d6tkertben a fizet\u00e9s bankk\u00e1rty\u00e1val, forinttal, vagy eur\u00f3val lehets\u00e9ges. 2024. November 6-t\u00f3l klubunkban k\u00e9szp\u00e9nzmentes fizet\u00e9si rendszer l\u00e9p \u00e9letbe, amely megk\u00f6nny\u00edti, gyorsabb\u00e1 \u00e9s k\u00e9nyelmesebb\u00e9 teszi a k\u00e1rty\u00e1s fizet\u00e9st. K\u00e9rj\u00fck, vegy\u00e9k figyelembe, hogy ett\u0151l az id\u0151pontt\u00f3l kezdve kiz\u00e1r\u00f3lag k\u00e1rty\u00e1val lehet fizetni, kiv\u00e9ve a VIP r\u00e9szlegen \u00e9s a bel\u00e9p\u0151jegyek v\u00e1s\u00e1rl\u00e1sakor, ahol tov\u00e1bbra is elfogadjuk a k\u00e9szp\u00e9nzes fizet\u00e9st.<\/p><p class=\"p1\"><span class=\"s1\">11.\/<\/span> Az \u00d6tkert ter\u00fclet\u00e9re ittas, b\u00f3dult vagy k\u00e1b\u00edt\u00f3szer hat\u00e1sa alatt \u00e1ll\u00f3 szem\u00e9ly, illetve nem megfelel\u0151 ruh\u00e1zatban \u00e9rkez\u0151 vend\u00e9g nem l\u00e9phet be. Az \u00dczemeltet\u0151 az \u00d6tkertben tart\u00f3zkod\u00f3 t\u00f6bbi L\u00e1togat\u00f3 \u00e9rdek\u00e9ben a bel\u00e9ptet\u00e9s ellen\u0151rz\u00e9s\u00e9nek jog\u00e1t fenntartja. Az \u00d6tkertben dress code \u00e9s face control m\u0171k\u00f6dik.<\/p><p class=\"p1\"><span class=\"s1\">12.\/<\/span> Az \u00d6tkertben megrendez\u00e9sre ker\u00fcl\u0151 programokr\u00f3l audiovizu\u00e1lis felv\u00e9tel k\u00e9sz\u00fclhet, melyeken a L\u00e1togat\u00f3 is megjelenhet. A felv\u00e9teleken val\u00f3 megjelen\u00e9seket a L\u00e1togat\u00f3 a bel\u00e9p\u0151jegy megv\u00e1s\u00e1rl\u00e1s\u00e1val tudom\u00e1sulveszi \u00e9s megjelentet\u00e9s\u00e9hez hozz\u00e1j\u00e1rul.<\/p><p class=\"p1\"><span class=\"s1\">13.\/<\/span> Az al\u00e1bbiakban felsorolt nem alkalomhoz ill\u0151 ruh\u00e1zat \u00e9s megjelen\u00e9s eset\u00e9n a bel\u00e9p\u00e9s megtagadhat\u00f3:<\/p><p class=\"p1\">\u25cfB\u00e1rmilyen sportruha, sportcip\u0151, sportmez, fejp\u00e1nt, fejkend\u0151, ujjatlan trik\u00f3,<\/p><p class=\"p1\">\u25cfB\u00e1rmilyen megbotr\u00e1nkoztat\u00f3 vagy m\u00e1sokat s\u00e9rt\u0151 \u00f6lt\u00f6zet,<\/p><p class=\"p1\">\u25cfZsebes \u00e9s\/vagy kamufl\u00e1zs r\u00f6vidnadr\u00e1g,<\/p><p class=\"p1\">\u25cfNyitott papucsban, szand\u00e1lban csak saj\u00e1t felel\u0151ss\u00e9gre l\u00e9phetnek be<\/p><p class=\"p1\">(balesetvesz\u00e9lyes a t\u00e1nct\u00e9ren tal\u00e1lhat\u00f3 t\u00f6r\u00f6tt \u00fcvegek miatt),<\/p><p class=\"p1\">\u25cfNagy kiterjed\u00e9s\u0171 tetov\u00e1l\u00e1s az arcon vagy nyakon<\/p><p class=\"p1\">\u25cfSzakadt, kopott, b\u00fcd\u00f6s, koszos, rendezetlen \u00f6lt\u00f6zet,<\/p><p class=\"p1\">\u25cfPunk frizura \u00e9s\/vagy punk \u00f6lt\u00f6zet,<\/p><p class=\"p1\">\u25cfA megfelel\u0151 \u00f6lt\u00f6z\u00e9kr\u0151l a beenged\u0151 szem\u00e9lyzet jogosult d\u00f6nteni!<\/p><p class=\"p1\">Vend\u00e9geink az \u00d6tkertbe val\u00f3 bel\u00e9p\u00e9ssel elfogadj\u00e1k a h\u00e1zirendet!<\/p>\t\t\t\t\t\t\t\t<\/div>\n\t\t\t\t<\/div>\n\t\t\t\t\t<\/div>\n\t\t\t\t<\/div>\n\t\t\t\t<\/div>\n\t\t","protected":false},"excerpt":{"rendered":"<p>1.\/ Cs\u00fct\u00f6rt\u00f6kt\u0151l szombatig csak az l\u00e9phet be a klub ter\u00fclet\u00e9re, aki bet\u00f6lt\u00f6tte a 18. \u00e9let\u00e9v\u00e9t, \u00e9s ezt \u00e9rv\u00e9nyes, j\u00f3l beazonos\u00edthat\u00f3 hat\u00f3s\u00e1gi igazolv\u00e1nnyal igazolni tudja. Az \u00d6tkert Kft. \u00e1ltal elfogadott igazolv\u00e1nyok: szem\u00e9lyazonos\u00edt\u00f3 igazolv\u00e1ny vagy vezet\u0151i enged\u00e9ly. Szkennelt, befot\u00f3zott vagy f\u00e9nym\u00e1solt okm\u00e1nyokat nem \u00e1ll m\u00f3dunkban elfogadni. 2.\/ Nem l\u00e9phet be az \u00d6tkert ter\u00fclet\u00e9re \u00e9s bel\u00e9p\u00e9se megtagadhat\u00f3: \u2013 [&hellip;]<\/p>\n","protected":false},"author":127,"featured_media":0,"parent":0,"menu_order":0,"comment_status":"closed","ping_status":"closed","template":"","meta":{"_acf_changed":false,"site-sidebar-layout":"no-sidebar","site-content-layout":"page-builder","ast-site-content-layout":"full-width-container","site-content-style":"default","site-sidebar-style":"default","ast-global-header-display":"","ast-banner-title-visibility":"","ast-main-header-display":"","ast-hfb-above-header-display":"","ast-hfb-below-header-display":"","ast-hfb-mobile-header-display":"","site-post-title":"","ast-breadcrumbs-content":"","ast-featured-img":"disabled","footer-sml-layout":"","theme-transparent-header-meta":"","adv-header-id-meta":"","stick-header-meta":"","header-above-stick-meta":"","header-main-stick-meta":"","header-below-stick-meta":"","astra-migrate-meta-layouts":"default","ast-page-background-enabled":"default","ast-page-background-meta":{"desktop":{"background-color":"var(--ast-global-color-4)","background-image":"","background-repeat":"repeat","background-position":"center center","background-size":"auto","background-attachment":"scroll","background-type":"","background-media":"","overlay-type":"","overlay-color":"","overlay-opacity":"","overlay-gradient":""},"tablet":{"background-color":"","background-image":"","background-repeat":"repeat","background-position":"center center","background-size":"auto","background-attachment":"scroll","background-type":"","background-media":"","overlay-type":"","overlay-color":"","overlay-opacity":"","overlay-gradient":""},"mobile":{"background-color":"","background-image":"","background-repeat":"repeat","background-position":"center center","background-size":"auto","background-attachment":"scroll","background-type":"","background-media":"","overlay-type":"","overlay-color":"","overlay-opacity":"","overlay-gradient":""}},"ast-content-background-meta":{"desktop":{"background-color":"var(--ast-global-color-5)","background-image":"","background-repeat":"repeat","background-position":"center center","background-size":"auto","background-attachment":"scroll","background-type":"","background-media":"","overlay-type":"","overlay-color":"","overlay-opacity":"","overlay-gradient":""},"tablet":{"background-color":"var(--ast-global-color-5)","background-image":"","background-repeat":"repeat","background-position":"center center","background-size":"auto","background-attachment":"scroll","background-type":"","background-media":"","overlay-type":"","overlay-color":"","overlay-opacity":"","overlay-gradient":""},"mobile":{"background-color":"var(--ast-global-color-5)","background-image":"","background-repeat":"repeat","background-position":"center center","background-size":"auto","background-attachment":"scroll","background-type":"","background-media":"","overlay-type":"","overlay-color":"","overlay-opacity":"","overlay-gradient":""}},"footnotes":""},"class_list":["post-48703","page","type-page","status-publish","hentry"],"acf":[],"_links":{"self":[{"href":"https:\/\/otkert.hu\/hu\/wp-json\/wp\/v2\/pages\/48703","targetHints":{"allow":["GET"]}}],"collection":[{"href":"https:\/\/otkert.hu\/hu\/wp-json\/wp\/v2\/pages"}],"about":[{"href":"https:\/\/otkert.hu\/hu\/wp-json\/wp\/v2\/types\/page"}],"author":[{"embeddable":true,"href":"https:\/\/otkert.hu\/hu\/wp-json\/wp\/v2\/users\/127"}],"replies":[{"embeddable":true,"href":"https:\/\/otkert.hu\/hu\/wp-json\/wp\/v2\/comments?post=48703"}],"version-history":[{"count":6,"href":"https:\/\/otkert.hu\/hu\/wp-json\/wp\/v2\/pages\/48703\/revisions"}],"predecessor-version":[{"id":48710,"href":"https:\/\/otkert.hu\/hu\/wp-json\/wp\/v2\/pages\/48703\/revisions\/48710"}],"wp:attachment":[{"href":"https:\/\/otkert.hu\/hu\/wp-json\/wp\/v2\/media?parent=48703"}],"curies":[{"name":"wp","href":"https:\/\/api.w.org\/{rel}","templated":true}]}}