{"id":47849,"date":"2025-10-13T14:04:08","date_gmt":"2025-10-13T14:04:08","guid":{"rendered":"https:\/\/otkert.hu\/?page_id=47849"},"modified":"2025-10-13T14:05:08","modified_gmt":"2025-10-13T14:05:08","slug":"ajanlatkeres-2","status":"publish","type":"page","link":"https:\/\/otkert.hu\/hu\/ajanlatkeres-2\/","title":{"rendered":"K\u00c9RJEN AJ\u00c1NLATOT PRIV\u00c1T RENDEZV\u00c9NYRE"},"content":{"rendered":"\t\t<div data-elementor-type=\"wp-page\" data-elementor-id=\"47849\" class=\"elementor elementor-47849 elementor-47841\" data-elementor-post-type=\"page\">\n\t\t\t\t<div class=\"elementor-element elementor-element-e5281c1 e-flex e-con-boxed e-con e-parent\" data-id=\"e5281c1\" data-element_type=\"container\" data-settings=\"{&quot;jet_parallax_layout_list&quot;:[]}\">\n\t\t\t\t\t<div class=\"e-con-inner\">\n\t\t<div class=\"elementor-element elementor-element-fb2dcd5 e-con-full e-flex e-con e-child\" data-id=\"fb2dcd5\" data-element_type=\"container\" data-settings=\"{&quot;background_background&quot;:&quot;classic&quot;,&quot;jet_parallax_layout_list&quot;:[]}\">\n\t\t\t\t<div class=\"elementor-element elementor-element-54ac250 elementor-widget elementor-widget-text-editor\" data-id=\"54ac250\" data-element_type=\"widget\" data-widget_type=\"text-editor.default\">\n\t\t\t\t<div class=\"elementor-widget-container\">\n\t\t\t\t\t\t\t\t\tA gy\u00f6ny\u00f6r\u0171en fel\u00faj\u00edtott 19. sz\u00e1zadi \u00e9p\u00fcletben elhelyezked\u0151 \u00d6TKERT kit\u0171n\u0151 v\u00e1laszt\u00e1s lehet ak\u00e1r priv\u00e1t, ak\u00e1r c\u00e9ges rendezv\u00e9nyre. Legyen sz\u00f3 \u00e1ll\u00f3fogad\u00e1sr\u00f3l, sajt\u00f3t\u00e1j\u00e9koztat\u00f3r\u00f3l, c\u00e9ges csapat\u00e9p\u00edt\u0151r\u0151l, vagy eg\u00e9sz \u00e9jszak\u00e1s rendezv\u00e9nyr\u0151l, ak\u00e1r \u00fcltetett sz\u00e9ksoros workshopr\u00f3l. Az \u00d6TKERT t\u00e1gas t\u00e9rrel, 4 f\u00e9le kib\u00e9relhet\u0151 helyis\u00e9ggel rendelkezik. Ha k\u00e9rd\u00e9se van, k\u00e9rj\u00fck \u00edrjon nek\u00fcnk a <a class=\"linkajanalat\" href=\"mailto:rendezveny@otkert.hu\">rendezveny@otkert.hu<\/a> c\u00edmre. Aj\u00e1nlatk\u00e9r\u00e9shez, k\u00e9rj\u00fck, t\u00f6ltse ki az \u0171rlapot.\t\t\t\t\t\t\t\t<\/div>\n\t\t\t\t<\/div>\n\t\t\t\t<\/div>\n\t\t<div class=\"elementor-element elementor-element-d6c2c98 e-con-full e-flex e-con e-child\" data-id=\"d6c2c98\" data-element_type=\"container\" data-settings=\"{&quot;background_background&quot;:&quot;classic&quot;,&quot;jet_parallax_layout_list&quot;:[]}\">\n\t\t\t\t<div class=\"elementor-element elementor-element-09822df fluent-form-widget-step-header-yes fluent-form-widget-step-progressbar-yes fluentform-widget-submit-button-custom elementor-widget elementor-widget-fluent-form-widget\" data-id=\"09822df\" data-element_type=\"widget\" data-widget_type=\"fluent-form-widget.default\">\n\t\t\t\t<div class=\"elementor-widget-container\">\n\t\t\t\t\t\n            <div class=\"fluentform-widget-wrapper fluentform-widget-align-default\">\n\n            \n            <div class='fluentform ff-default fluentform_wrapper_4 ffs_default_wrap'><form data-form_id=\"4\" id=\"fluentform_4\" class=\"frm-fluent-form fluent_form_4 ff-el-form-top ff_form_instance_4_1 ff-form-loading ffs_default\" data-form_instance=\"ff_form_instance_4_1\" method=\"POST\" ><fieldset  style=\"border: none!important;margin: 0!important;padding: 0!important;background-color: transparent!important;box-shadow: none!important;outline: none!important; min-inline-size: 100%;\">\n                    <legend class=\"ff_screen_reader_title\" style=\"display: block; margin: 0!important;padding: 0!important;height: 0!important;text-indent: -999999px;width: 0!important;overflow:hidden;\">AJ\u00e1nlatk\u00e9r\u00e9s<\/legend><input type='hidden' name='__fluent_form_embded_post_id' value='47849' \/><input type=\"hidden\" id=\"_fluentform_4_fluentformnonce\" name=\"_fluentform_4_fluentformnonce\" value=\"c4d86597b2\" \/><input type=\"hidden\" name=\"_wp_http_referer\" value=\"\/hu\/wp-json\/wp\/v2\/pages\/47849\" \/><div data-type=\"name-element\" data-name=\"names\" class=\" ff-field_container ff-name-field-wrapper\" ><div class='ff-t-container'><div class='ff-t-cell '><div class='ff-el-group  ff-el-form-hide_label'><div class=\"ff-el-input--label ff-el-is-required asterisk-right\"><label for='ff_4_names_first_name_' >Vezet\u00e9kn\u00e9v<\/label><\/div><div class='ff-el-input--content'><input type=\"text\" name=\"names[first_name]\" id=\"ff_4_names_first_name_\" class=\"ff-el-form-control\" placeholder=\"Vezet\u00e9kn\u00e9v *\" aria-invalid=\"false\" aria-required=true><\/div><\/div><\/div><div class='ff-t-cell '><div class='ff-el-group  ff-el-form-hide_label'><div class=\"ff-el-input--label ff-el-is-required asterisk-right\"><label for='ff_4_names_last_name_' >Keresztn\u00e9v<\/label><\/div><div class='ff-el-input--content'><input type=\"text\" name=\"names[last_name]\" id=\"ff_4_names_last_name_\" class=\"ff-el-form-control\" placeholder=\"Keresztn\u00e9v *\" aria-invalid=\"false\" aria-required=true><\/div><\/div><\/div><\/div><\/div><div class='ff-el-group ff-el-form-hide_label'><div class=\"ff-el-input--label asterisk-right\"><label for='ff_4_subject' aria-label=\"C\u00e9gn\u00e9v\">C\u00e9gn\u00e9v<\/label><\/div><div class='ff-el-input--content'><input type=\"text\" name=\"subject\" class=\"ff-el-form-control\" placeholder=\"C\u00e9gn\u00e9v\" data-name=\"subject\" id=\"ff_4_subject\"  aria-invalid=\"false\" aria-required=false><\/div><\/div><div data-name=\"ff_cn_id_1\"  class='ff-t-container ff-column-container ff_columns_total_2  '><div class='ff-t-cell ff-t-column-1' style='flex-basis: 50%;'><div class='ff-el-group ff-el-form-hide_label'><div class=\"ff-el-input--label ff-el-is-required asterisk-right\"><label for='ff_4_email' aria-label=\"Email c\u00edm\">Email c\u00edm<\/label><\/div><div class='ff-el-input--content'><input type=\"email\" name=\"email\" id=\"ff_4_email\" class=\"ff-el-form-control\" placeholder=\"Email c\u00edm *\" data-name=\"email\"  aria-invalid=\"false\" aria-required=true><\/div><\/div><\/div><div class='ff-t-cell ff-t-column-2' style='flex-basis: 50%;'><div class='ff-el-group ff-el-form-hide_label'><div class=\"ff-el-input--label ff-el-is-required asterisk-right\"><label for='ff_4_phone' aria-label=\"Telefonsz\u00e1m\">Telefonsz\u00e1m<\/label><\/div><div class='ff-el-input--content'><input name=\"phone\" class=\"ff-el-form-control ff-el-phone ff_el_with_extended_validation\" type=\"tel\" placeholder=\"Telefonsz\u00e1m *\" data-name=\"phone\" id=\"ff_4_phone\" inputmode=\"tel\"  aria-invalid='false' aria-required=true><\/div><\/div><\/div><\/div><div class='ff-el-group ff-el-form-hide_label'><div class=\"ff-el-input--label ff-el-is-required asterisk-right\"><label for='ff_4_numeric-field' aria-label=\"Tervezett l\u00e9tsz\u00e1m\">Tervezett l\u00e9tsz\u00e1m<\/label><\/div><div class='ff-el-input--content'><input type=\"number\" name=\"numeric-field\" id=\"ff_4_numeric-field\" class=\"ff-el-form-control\" placeholder=\"Tervezett l\u00e9tsz\u00e1m *\" data-name=\"numeric-field\" inputmode=\"numeric\" step=\"any\"  aria-invalid=\"false\" aria-required=true><\/div><\/div><div class='ff-el-group ff-el-form-hide_label'><div class=\"ff-el-input--label ff-el-is-required asterisk-right\"><label for='ff_4_datetime' aria-label=\"Foglal\u00e1s d\u00e1tuma\">Foglal\u00e1s d\u00e1tuma<\/label><\/div><div class='ff-el-input--content'><input  aria-label='Foglal\u00e1s d\u00e1tuma Use arrow keys to navigate dates. Press enter to select a date.'  aria-haspopup='dialog' data-type-datepicker data-format='Y-m-d' type=\"text\" name=\"datetime\" id=\"ff_4_datetime\" class=\"ff-el-form-control ff-el-datepicker\" placeholder=\"Foglal\u00e1s d\u00e1tuma *\" data-name=\"datetime\"  aria-invalid='false' aria-required=true><\/div><\/div><div data-name=\"ff_cn_id_2\"  class='ff-t-container ff-column-container ff_columns_total_2  '><div class='ff-t-cell ff-t-column-1' style='flex-basis: 50%;'><div class='ff-el-group ff-el-form-hide_label'><div class=\"ff-el-input--label ff-el-is-required asterisk-right\"><label for='ff_4_datetime_1' aria-label=\"\u00c9rkez\u00e9s id\u0151pontja *\">\u00c9rkez\u00e9s id\u0151pontja *<\/label><\/div><div class='ff-el-input--content'><input  aria-label='\u00c9rkez\u00e9s id\u0151pontja * Use arrow keys to navigate dates. Press enter to select a date.'  aria-haspopup='dialog' data-type-datepicker data-format='H:i' type=\"text\" name=\"datetime_1\" id=\"ff_4_datetime_1\" class=\"ff-el-form-control ff-el-datepicker\" placeholder=\"\u00c9rkez\u00e9s id\u0151pontja  *\" data-name=\"datetime_1\"  aria-invalid='false' aria-required=true><\/div><\/div><\/div><div class='ff-t-cell ff-t-column-2' style='flex-basis: 50%;'><div class='ff-el-group ff-el-form-hide_label'><div class=\"ff-el-input--label ff-el-is-required asterisk-right\"><label for='ff_4_datetime_2' aria-label=\"Rendezv\u00e9ny v\u00e9ge *\">Rendezv\u00e9ny v\u00e9ge *<\/label><\/div><div class='ff-el-input--content'><input  aria-label='Rendezv\u00e9ny v\u00e9ge * Use arrow keys to navigate dates. Press enter to select a date.'  aria-haspopup='dialog' data-type-datepicker data-format='H:i' type=\"text\" name=\"datetime_2\" id=\"ff_4_datetime_2\" class=\"ff-el-form-control ff-el-datepicker\" placeholder=\"Rendezv\u00e9ny v\u00e9ge *\" data-name=\"datetime_2\"  aria-invalid='false' aria-required=true><\/div><\/div><\/div><\/div><div class='ff-el-group rendezvenytipus'><div class=\"ff-el-input--label ff-el-is-required asterisk-right\"><label for='ff_4_dropdown' aria-label=\"Rendezv\u00e9ny t\u00edpusa\">Rendezv\u00e9ny t\u00edpusa<\/label><\/div><div class='ff-el-input--content'><select name=\"dropdown\" id=\"ff_4_dropdown\" class=\"ff-el-form-control rendezveny\" data-name=\"dropdown\" data-calc_value=\"0\"  aria-invalid=\"false\" aria-required=true><option value=\"\">Rendezv\u00e9ny t\u00edpusa<\/option><option value=\"Sajt\u00f3t\u00e1j\u00e9koztat\u00f3\"  >Sajt\u00f3t\u00e1j\u00e9koztat\u00f3<\/option><option value=\"Workshop\"  >Workshop<\/option><option value=\"Konferencia\"  >Konferencia<\/option><option value=\"\u00dczleti fogad\u00e1s\"  >\u00dczleti fogad\u00e1s<\/option><option value=\"Priv\u00e1t esem\u00e9ny\"  >Priv\u00e1t esem\u00e9ny<\/option><option value=\"Esk\u00fcv\u0151\"  >Esk\u00fcv\u0151<\/option><option value=\"Egy\u00e9b\"  >Egy\u00e9b<\/option><\/select><\/div><\/div><div class='ff-el-group ff-el-form-hide_label'><div class=\"ff-el-input--label asterisk-right\"><label for='ff_4_input_text' aria-label=\"Vend\u00e9gl\u00e1t\u00e1s t\u00edpusa\">Vend\u00e9gl\u00e1t\u00e1s t\u00edpusa<\/label><\/div><div class='ff-el-input--content'><input type=\"text\" name=\"input_text\" class=\"ff-el-form-control\" placeholder=\"Vend\u00e9gl\u00e1t\u00e1s t\u00edpusa\" data-name=\"input_text\" id=\"ff_4_input_text\"  aria-invalid=\"false\" aria-required=false><\/div><\/div><div class='ff-el-group ff-el-form-hide_label'><div class=\"ff-el-input--label asterisk-right\"><label for='ff_4_message' aria-label=\"Megjegyz\u00e9s\">Megjegyz\u00e9s<\/label><\/div><div class='ff-el-input--content'><textarea aria-invalid=\"false\" aria-required=false name=\"message\" id=\"ff_4_message\" class=\"ff-el-form-control\" placeholder=\"Megjegyz\u00e9s\" rows=\"4\" cols=\"2\" data-name=\"message\" ><\/textarea><\/div><\/div><div class='ff-el-group    ff-el-input--content'><div class='ff-el-form-check ff-el-tc'><label aria-label='Terms and Conditions: Megismertem \u00e9s elfogadom az adatv\u00e9delmi ir\u00e1nyelveket Contains 1 link. Use tab navigation to review.' class='ff-el-form-check-label ff_tc_label' for=gdpr-agreement_517c9a1e38e448701e04447885e1201b><span class='ff_tc_checkbox'><input type=\"checkbox\" name=\"gdpr-agreement\" class=\"ff-el-form-check-input ff_gdpr_field\" data-name=\"gdpr-agreement\" id=\"gdpr-agreement_517c9a1e38e448701e04447885e1201b\"  value='on' aria-invalid='false' aria-required=true><\/span> <div class='ff_t_c'><span class=\"ajanlatszoveg\">Megismertem \u00e9s elfogadom az <a href=\"https:\/\/otkert.hu\/wp-content\/uploads\/2021\/10\/Tajekoztatas_adatkezelesrol.pdf\" class=\"adatvedelemajnlat\" target=\"_blank\">adatv\u00e9delmi ir\u00e1nyelveket<\/a><\/span><\/div><\/label><\/div><\/div><div class='ff-el-group ff-text-left ff_submit_btn_wrapper'><button type=\"submit\" class=\"ff-btn ff-btn-submit ff-btn-md ff_btn_style\" >Aj\u00e1nlatk\u00e9r\u00e9s<\/button><\/div><\/fieldset><\/form><div id='fluentform_4_errors' class='ff-errors-in-stack ff_form_instance_4_1 ff-form-loading_errors ff_form_instance_4_1_errors'><\/div><\/div>            <script type=\"text\/javascript\">\n                window.fluent_form_ff_form_instance_4_1 = {\"id\":\"4\",\"settings\":{\"layout\":{\"labelPlacement\":\"top\",\"helpMessagePlacement\":\"with_label\",\"errorMessagePlacement\":\"inline\",\"asteriskPlacement\":\"asterisk-right\"},\"id\":\"39\",\"restrictions\":{\"denyEmptySubmission\":{\"enabled\":false}}},\"form_instance\":\"ff_form_instance_4_1\",\"form_id_selector\":\"fluentform_4\",\"rules\":{\"names[first_name]\":{\"required\":{\"value\":true,\"message\":\"Mez\\u0151 kit\\u00f6lt\\u00e9se k\\u00f6telez\\u0151.\"}},\"names[middle_name]\":{\"required\":{\"value\":false,\"message\":\"This field is required\"}},\"names[last_name]\":{\"required\":{\"value\":true,\"message\":\"Mez\\u0151 kit\\u00f6lt\\u00e9se k\\u00f6telez\\u0151.\"}},\"subject\":{\"required\":{\"value\":false,\"message\":\"This field is required\"}},\"email\":{\"required\":{\"value\":true,\"message\":\"Mez\\u0151 kit\\u00f6lt\\u00e9se k\\u00f6telez\\u0151.\"},\"email\":{\"value\":false,\"message\":\"This field must contain a valid email\"}},\"phone\":{\"required\":{\"value\":true,\"message\":\"Mez\\u0151 kit\\u00f6lt\\u00e9se k\\u00f6telez\\u0151.\"},\"valid_phone_number\":{\"value\":true,\"message\":\"Phone number is not valid\"}},\"numeric-field\":{\"required\":{\"value\":true,\"message\":\"Mez\\u0151 kit\\u00f6lt\\u00e9se k\\u00f6telez\\u0151.\"},\"numeric\":{\"value\":true,\"message\":\"This field must contain numeric value\"},\"min\":{\"value\":\"\",\"message\":\"Minimum value is \"},\"max\":{\"value\":\"\",\"message\":\"Maximum value is \"},\"digits\":{\"value\":\"\",\"message\":\"The number of digits has to be \"}},\"datetime\":{\"required\":{\"value\":true,\"message\":\"Mez\\u0151 kit\\u00f6lt\\u00e9se k\\u00f6telez\\u0151.\"}},\"datetime_1\":{\"required\":{\"value\":true,\"message\":\"Mez\\u0151 kit\\u00f6lt\\u00e9se k\\u00f6telez\\u0151.\"}},\"datetime_2\":{\"required\":{\"value\":true,\"message\":\"Mez\\u0151 kit\\u00f6lt\\u00e9se k\\u00f6telez\\u0151.\"}},\"dropdown\":{\"required\":{\"value\":true,\"message\":\"Mez\\u0151 kit\\u00f6lt\\u00e9se k\\u00f6telez\\u0151.\"}},\"input_text\":{\"required\":{\"value\":false,\"message\":\"This field is required\"}},\"message\":{\"required\":{\"value\":false,\"message\":\"This field is required\"}},\"gdpr-agreement\":{\"required\":{\"value\":true,\"message\":\"Mez\\u0151 kit\\u00f6lt\\u00e9se k\\u00f6telez\\u0151.\"}}},\"debounce_time\":300};\n                            <\/script>\n                        <\/div>\n\n            \t\t\t\t<\/div>\n\t\t\t\t<\/div>\n\t\t\t\t<div class=\"elementor-element elementor-element-7721415 elementor-widget elementor-widget-ucaddon_otkert_button\" data-id=\"7721415\" data-element_type=\"widget\" data-widget_type=\"ucaddon_otkert_button.default\">\n\t\t\t\t<div class=\"elementor-widget-container\">\n\t\t\t\t\t\n<!-- start otkert button -->\n<style>\/* widget: otkert button *\/\n\n.otkert-button#uc_otkert_button_elementor_7721415{\n  \t@media (max-width: 767px){\n    --ob-font: 10px !important;\n      .link-inner svg{\n    \theight: 10px !important;\n      }\n      .link-inner{\n    \tpadding: 10px !important;\n      }\n      .link-inner svg{\n          height: 10px !important;\n      }\n    }\n      \/*--orange: #FF9B2A;\n  \t  \t  \t  \t  \t  \n \t--ob-font: 20px;\n\t@media (max-width: 767px){\n    --ob-font: 10px;\n      .link-inner svg{\n    \theight: 10px;\n      }\n      .link-inner{\n    \tpadding: 10px !important;\n      }\n      .link-inner svg{\n          height: 10px;\n      }\n    }\n  \t  \t*\/\n  \/*width: fit-content;\n \tmargin: 0 auto;\n\t.link-inner{\n      position: relative;\n      padding: 10px 40px;\n      border-radius: 8px;\n      outline: 2px solid var(--ob-border);\n      isolation: isolate;\n      overflow: hidden;\n      background: var(--ob-bg-hover);\n      font-family: anton;\n      font-weight: 400;\n      font-size: var(--ob-font);\n      color: var(--ob-color);\n      display: flex;\n      align-items: center;\n      gap: 8px;\n      path{\n      \tfill: var(--ob-color);\n        transition: fill .3s\n      }\n      transition: .3s color;\n    }\n  \t.link-inner:before{\n      content: \"\";\n      position: absolute;\n      inset: 0;\n      background: var(--ob-bg);\n      z-index: -1;\n      transform: translate(0%);\n      transition: .3s transform;\n      border-radius: 6px;\n    }\n  \t.link-inner:hover:before{\n      transform: translate(100%);\n    }\n  \t.link-inner:hover{\n      color: var(--ob-color-hover);\n      path{\n      \tfill: var(--ob-color-hover);\n      }\n    }*\/\n}\n\n<\/style>\n\n<div class=\"otkert-button\" id=\"uc_otkert_button_elementor_7721415\" style=\"\n    --orange: #FF4D6D;\n  \t  \t      \t     \t--ob-border: ;\n    --ob-bg: #FF4D6D;\n    --ob-bg-hover: #ffffff;\n    --ob-color: #ffffff;\n    --ob-color-hover: #FF4D6D; \n  \t  \t \t--ob-font: 20px;\n  \t  \t\">\n  <a  class=\"link\">\n    <div class=\"link-inner\">\n      Aj\u00e1nlatk\u00e9r\u00e9s\n      <svg xmlns=\"http:\/\/www.w3.org\/2000\/svg\" width=\"16\" height=\"14\" viewBox=\"0 0 16 14\" fill=\"none\"><path d=\"M0 5.97463C0.0811498 5.77308 0.157479 5.60439 0.337053 5.46856C0.393697 5.42568 0.639557 5.30067 0.690978 5.30067H11.363L7.92858 1.81869C7.73173 1.45646 7.78918 1.09464 8.04548 0.781704C8.45404 0.283247 9.08757 -0.32019 9.73597 0.199503L15.5249 5.97343C15.7917 6.31481 15.7921 6.73634 15.5249 7.07772L9.73597 12.8516C9.08235 13.3673 8.45685 12.7715 8.04548 12.2694C7.75784 11.9184 7.72932 11.5234 7.99928 11.1499L11.3935 7.75048H0.72151C0.703834 7.75048 0.52667 7.68637 0.49413 7.67114C0.224166 7.54453 0.0827567 7.28929 0 7.01522V5.97383V5.97463Z\" fill=\"white\"\/><\/svg>\n    <\/div>\n  <\/a>\n<\/div>\n<!-- end otkert button -->\t\t\t\t<\/div>\n\t\t\t\t<\/div>\n\t\t\t\t<div class=\"elementor-element elementor-element-704d07a elementor-widget elementor-widget-html\" data-id=\"704d07a\" data-element_type=\"widget\" data-widget_type=\"html.default\">\n\t\t\t\t<div class=\"elementor-widget-container\">\n\t\t\t\t\t<script>\n    ff_custom_submit_button.onclick = () => {\n        document.querySelector(\".ff_submit_btn_wrapper button\").click()\n    }\n    \/\/\n<\/script>\t\t\t\t<\/div>\n\t\t\t\t<\/div>\n\t\t\t\t<\/div>\n\t\t\t\t\t<\/div>\n\t\t\t\t<\/div>\n\t\t\t\t<\/div>\n\t\t","protected":false},"excerpt":{"rendered":"<p>A gy\u00f6ny\u00f6r\u0171en fel\u00faj\u00edtott 19. sz\u00e1zadi \u00e9p\u00fcletben elhelyezked\u0151 \u00d6TKERT kit\u0171n\u0151 v\u00e1laszt\u00e1s lehet ak\u00e1r priv\u00e1t, ak\u00e1r c\u00e9ges rendezv\u00e9nyre. Legyen sz\u00f3 \u00e1ll\u00f3fogad\u00e1sr\u00f3l, sajt\u00f3t\u00e1j\u00e9koztat\u00f3r\u00f3l, c\u00e9ges csapat\u00e9p\u00edt\u0151r\u0151l, vagy eg\u00e9sz \u00e9jszak\u00e1s rendezv\u00e9nyr\u0151l, ak\u00e1r \u00fcltetett sz\u00e9ksoros workshopr\u00f3l. Az \u00d6TKERT t\u00e1gas t\u00e9rrel, 4 f\u00e9le kib\u00e9relhet\u0151 helyis\u00e9ggel rendelkezik. Ha k\u00e9rd\u00e9se van, k\u00e9rj\u00fck \u00edrjon nek\u00fcnk a rendezveny@otkert.hu c\u00edmre. Aj\u00e1nlatk\u00e9r\u00e9shez, k\u00e9rj\u00fck, t\u00f6ltse ki az \u0171rlapot. AJ\u00e1nlatk\u00e9r\u00e9s [&hellip;]<\/p>\n","protected":false},"author":127,"featured_media":0,"parent":0,"menu_order":0,"comment_status":"closed","ping_status":"closed","template":"","meta":{"_acf_changed":false,"site-sidebar-layout":"no-sidebar","site-content-layout":"page-builder","ast-site-content-layout":"full-width-container","site-content-style":"default","site-sidebar-style":"default","ast-global-header-display":"","ast-banner-title-visibility":"","ast-main-header-display":"","ast-hfb-above-header-display":"","ast-hfb-below-header-display":"","ast-hfb-mobile-header-display":"","site-post-title":"","ast-breadcrumbs-content":"","ast-featured-img":"disabled","footer-sml-layout":"","theme-transparent-header-meta":"","adv-header-id-meta":"","stick-header-meta":"","header-above-stick-meta":"","header-main-stick-meta":"","header-below-stick-meta":"","astra-migrate-meta-layouts":"set","ast-page-background-enabled":"default","ast-page-background-meta":{"desktop":{"background-color":"var(--ast-global-color-4)","background-image":"","background-repeat":"repeat","background-position":"center center","background-size":"auto","background-attachment":"scroll","background-type":"","background-media":"","overlay-type":"","overlay-color":"","overlay-opacity":"","overlay-gradient":""},"tablet":{"background-color":"","background-image":"","background-repeat":"repeat","background-position":"center center","background-size":"auto","background-attachment":"scroll","background-type":"","background-media":"","overlay-type":"","overlay-color":"","overlay-opacity":"","overlay-gradient":""},"mobile":{"background-color":"","background-image":"","background-repeat":"repeat","background-position":"center center","background-size":"auto","background-attachment":"scroll","background-type":"","background-media":"","overlay-type":"","overlay-color":"","overlay-opacity":"","overlay-gradient":""}},"ast-content-background-meta":{"desktop":{"background-color":"var(--ast-global-color-5)","background-image":"","background-repeat":"repeat","background-position":"center center","background-size":"auto","background-attachment":"scroll","background-type":"","background-media":"","overlay-type":"","overlay-color":"","overlay-opacity":"","overlay-gradient":""},"tablet":{"background-color":"var(--ast-global-color-5)","background-image":"","background-repeat":"repeat","background-position":"center center","background-size":"auto","background-attachment":"scroll","background-type":"","background-media":"","overlay-type":"","overlay-color":"","overlay-opacity":"","overlay-gradient":""},"mobile":{"background-color":"var(--ast-global-color-5)","background-image":"","background-repeat":"repeat","background-position":"center center","background-size":"auto","background-attachment":"scroll","background-type":"","background-media":"","overlay-type":"","overlay-color":"","overlay-opacity":"","overlay-gradient":""}},"footnotes":""},"class_list":["post-47849","page","type-page","status-publish","hentry"],"acf":[],"_links":{"self":[{"href":"https:\/\/otkert.hu\/hu\/wp-json\/wp\/v2\/pages\/47849","targetHints":{"allow":["GET"]}}],"collection":[{"href":"https:\/\/otkert.hu\/hu\/wp-json\/wp\/v2\/pages"}],"about":[{"href":"https:\/\/otkert.hu\/hu\/wp-json\/wp\/v2\/types\/page"}],"author":[{"embeddable":true,"href":"https:\/\/otkert.hu\/hu\/wp-json\/wp\/v2\/users\/127"}],"replies":[{"embeddable":true,"href":"https:\/\/otkert.hu\/hu\/wp-json\/wp\/v2\/comments?post=47849"}],"version-history":[{"count":7,"href":"https:\/\/otkert.hu\/hu\/wp-json\/wp\/v2\/pages\/47849\/revisions"}],"predecessor-version":[{"id":47862,"href":"https:\/\/otkert.hu\/hu\/wp-json\/wp\/v2\/pages\/47849\/revisions\/47862"}],"wp:attachment":[{"href":"https:\/\/otkert.hu\/hu\/wp-json\/wp\/v2\/media?parent=47849"}],"curies":[{"name":"wp","href":"https:\/\/api.w.org\/{rel}","templated":true}]}}