{"id":47478,"date":"2025-10-07T09:02:38","date_gmt":"2025-10-07T09:02:38","guid":{"rendered":"https:\/\/otkert.hu\/elerheto-asztalok-2\/"},"modified":"2025-10-09T12:52:33","modified_gmt":"2025-10-09T12:52:33","slug":"elerheto-asztalok","status":"publish","type":"page","link":"https:\/\/otkert.hu\/hu\/elerheto-asztalok\/","title":{"rendered":"El\u00e9rhet\u0151 asztalok"},"content":{"rendered":"\t\t<div data-elementor-type=\"wp-page\" data-elementor-id=\"47478\" class=\"elementor elementor-47478 elementor-46938\" data-elementor-post-type=\"page\">\n\t\t\t\t<div class=\"elementor-element elementor-element-93fc497 e-flex e-con-boxed e-con e-parent\" data-id=\"93fc497\" data-element_type=\"container\" data-settings=\"{&quot;jet_parallax_layout_list&quot;:[]}\">\n\t\t\t\t\t<div class=\"e-con-inner\">\n\t\t\t\t<div class=\"elementor-element elementor-element-5447efa elementor-widget elementor-widget-shortcode\" data-id=\"5447efa\" data-element_type=\"widget\" data-widget_type=\"shortcode.default\">\n\t\t\t\t<div class=\"elementor-widget-container\">\n\t\t\t\t\t\t\t<div class=\"elementor-shortcode\"><div><h2 class=\"table-cat-title\"> Diamond<\/h2><div class=\"table-list-container\"><\/div><h2 class=\"table-cat-title\"> Gold<\/h2><div class=\"table-list-container\"><\/div><h2 class=\"table-cat-title\"> Diamond Lounge<\/h2><div class=\"table-list-container\"><\/div><h2 class=\"table-cat-title\"> HHB VIP<\/h2><div class=\"table-list-container\"><\/div><h2 class=\"table-cat-title\"> Gold XL<\/h2><div class=\"table-list-container\"><\/div><div class='empty_message'>Hopp\u00e1! Sajnos egyetlen asztal sem felel meg a keres\u00e9si felt\u00e9teleknek.<\/div><\/div><\/div>\n\t\t\t\t\t\t<\/div>\n\t\t\t\t<\/div>\n\t\t\t\t\t<\/div>\n\t\t\t\t<\/div>\n\t\t\t\t<\/div>\n\t\t","protected":false},"excerpt":{"rendered":"","protected":false},"author":127,"featured_media":0,"parent":0,"menu_order":0,"comment_status":"closed","ping_status":"closed","template":"","meta":{"_acf_changed":false,"site-sidebar-layout":"default","site-content-layout":"","ast-site-content-layout":"default","site-content-style":"default","site-sidebar-style":"default","ast-global-header-display":"","ast-banner-title-visibility":"","ast-main-header-display":"","ast-hfb-above-header-display":"","ast-hfb-below-header-display":"","ast-hfb-mobile-header-display":"","site-post-title":"","ast-breadcrumbs-content":"","ast-featured-img":"disabled","footer-sml-layout":"","theme-transparent-header-meta":"","adv-header-id-meta":"","stick-header-meta":"","header-above-stick-meta":"","header-main-stick-meta":"","header-below-stick-meta":"","astra-migrate-meta-layouts":"set","ast-page-background-enabled":"default","ast-page-background-meta":{"desktop":{"background-color":"var(--ast-global-color-4)","background-image":"","background-repeat":"repeat","background-position":"center center","background-size":"auto","background-attachment":"scroll","background-type":"","background-media":"","overlay-type":"","overlay-color":"","overlay-opacity":"","overlay-gradient":""},"tablet":{"background-color":"","background-image":"","background-repeat":"repeat","background-position":"center center","background-size":"auto","background-attachment":"scroll","background-type":"","background-media":"","overlay-type":"","overlay-color":"","overlay-opacity":"","overlay-gradient":""},"mobile":{"background-color":"","background-image":"","background-repeat":"repeat","background-position":"center center","background-size":"auto","background-attachment":"scroll","background-type":"","background-media":"","overlay-type":"","overlay-color":"","overlay-opacity":"","overlay-gradient":""}},"ast-content-background-meta":{"desktop":{"background-color":"var(--ast-global-color-5)","background-image":"","background-repeat":"repeat","background-position":"center center","background-size":"auto","background-attachment":"scroll","background-type":"","background-media":"","overlay-type":"","overlay-color":"","overlay-opacity":"","overlay-gradient":""},"tablet":{"background-color":"var(--ast-global-color-5)","background-image":"","background-repeat":"repeat","background-position":"center center","background-size":"auto","background-attachment":"scroll","background-type":"","background-media":"","overlay-type":"","overlay-color":"","overlay-opacity":"","overlay-gradient":""},"mobile":{"background-color":"var(--ast-global-color-5)","background-image":"","background-repeat":"repeat","background-position":"center center","background-size":"auto","background-attachment":"scroll","background-type":"","background-media":"","overlay-type":"","overlay-color":"","overlay-opacity":"","overlay-gradient":""}},"footnotes":""},"class_list":["post-47478","page","type-page","status-publish","hentry"],"acf":[],"_links":{"self":[{"href":"https:\/\/otkert.hu\/hu\/wp-json\/wp\/v2\/pages\/47478","targetHints":{"allow":["GET"]}}],"collection":[{"href":"https:\/\/otkert.hu\/hu\/wp-json\/wp\/v2\/pages"}],"about":[{"href":"https:\/\/otkert.hu\/hu\/wp-json\/wp\/v2\/types\/page"}],"author":[{"embeddable":true,"href":"https:\/\/otkert.hu\/hu\/wp-json\/wp\/v2\/users\/127"}],"replies":[{"embeddable":true,"href":"https:\/\/otkert.hu\/hu\/wp-json\/wp\/v2\/comments?post=47478"}],"version-history":[{"count":2,"href":"https:\/\/otkert.hu\/hu\/wp-json\/wp\/v2\/pages\/47478\/revisions"}],"predecessor-version":[{"id":47641,"href":"https:\/\/otkert.hu\/hu\/wp-json\/wp\/v2\/pages\/47478\/revisions\/47641"}],"wp:attachment":[{"href":"https:\/\/otkert.hu\/hu\/wp-json\/wp\/v2\/media?parent=47478"}],"curies":[{"name":"wp","href":"https:\/\/api.w.org\/{rel}","templated":true}]}}