{"id":32213,"date":"2023-12-19T09:52:24","date_gmt":"2023-12-19T09:52:24","guid":{"rendered":"https:\/\/otkert.hu\/merch\/"},"modified":"2024-10-04T12:46:08","modified_gmt":"2024-10-04T12:46:08","slug":"merch","status":"publish","type":"page","link":"https:\/\/otkert.hu\/hu\/merch\/","title":{"rendered":"Merch"},"content":{"rendered":"\t\t<div data-elementor-type=\"wp-page\" data-elementor-id=\"32213\" class=\"elementor elementor-32213 elementor-32203\" data-elementor-post-type=\"page\">\n\t\t\t\t<div class=\"elementor-element elementor-element-fb0c042 e-flex e-con-boxed e-con e-parent\" data-id=\"fb0c042\" data-element_type=\"container\" data-settings=\"{&quot;jet_parallax_layout_list&quot;:[{&quot;_id&quot;:&quot;145a19f&quot;,&quot;jet_parallax_layout_image&quot;:{&quot;url&quot;:&quot;&quot;,&quot;id&quot;:&quot;&quot;,&quot;size&quot;:&quot;&quot;},&quot;jet_parallax_layout_image_tablet&quot;:{&quot;url&quot;:&quot;&quot;,&quot;id&quot;:&quot;&quot;,&quot;size&quot;:&quot;&quot;},&quot;jet_parallax_layout_image_mobile&quot;:{&quot;url&quot;:&quot;&quot;,&quot;id&quot;:&quot;&quot;,&quot;size&quot;:&quot;&quot;},&quot;jet_parallax_layout_speed&quot;:{&quot;unit&quot;:&quot;%&quot;,&quot;size&quot;:50,&quot;sizes&quot;:[]},&quot;jet_parallax_layout_type&quot;:&quot;scroll&quot;,&quot;jet_parallax_layout_direction&quot;:&quot;1&quot;,&quot;jet_parallax_layout_fx_direction&quot;:null,&quot;jet_parallax_layout_z_index&quot;:&quot;&quot;,&quot;jet_parallax_layout_bg_x&quot;:50,&quot;jet_parallax_layout_bg_x_tablet&quot;:&quot;&quot;,&quot;jet_parallax_layout_bg_x_mobile&quot;:&quot;&quot;,&quot;jet_parallax_layout_bg_y&quot;:50,&quot;jet_parallax_layout_bg_y_tablet&quot;:&quot;&quot;,&quot;jet_parallax_layout_bg_y_mobile&quot;:&quot;&quot;,&quot;jet_parallax_layout_bg_size&quot;:&quot;auto&quot;,&quot;jet_parallax_layout_bg_size_tablet&quot;:&quot;&quot;,&quot;jet_parallax_layout_bg_size_mobile&quot;:&quot;&quot;,&quot;jet_parallax_layout_animation_prop&quot;:&quot;transform&quot;,&quot;jet_parallax_layout_on&quot;:[&quot;desktop&quot;,&quot;tablet&quot;]}],&quot;background_background&quot;:&quot;classic&quot;}\">\n\t\t\t\t\t<div class=\"e-con-inner\">\n\t\t<div class=\"elementor-element elementor-element-f5a58f1 e-con-full e-flex e-con e-parent\" data-id=\"f5a58f1\" data-element_type=\"container\" data-settings=\"{&quot;jet_parallax_layout_list&quot;:[]}\">\n\t\t\t\t<div class=\"elementor-element elementor-element-9cebf72 elementor-invisible elementor-widget elementor-widget-heading\" data-id=\"9cebf72\" data-element_type=\"widget\" data-settings=\"{&quot;_animation&quot;:&quot;fadeInLeft&quot;}\" data-widget_type=\"heading.default\">\n\t\t\t\t<div class=\"elementor-widget-container\">\n\t\t\t\t\t<h2 class=\"elementor-heading-title elementor-size-default\">Merch<\/h2>\t\t\t\t<\/div>\n\t\t\t\t<\/div>\n\t\t\t\t<\/div>\n\t\t\t\t\t<\/div>\n\t\t\t\t<\/div>\n\t\t<div class=\"elementor-element elementor-element-fbf9fb2 e-flex e-con-boxed e-con e-parent\" data-id=\"fbf9fb2\" data-element_type=\"container\" data-settings=\"{&quot;jet_parallax_layout_list&quot;:[]}\">\n\t\t\t\t\t<div class=\"e-con-inner\">\n\t\t\t\t<div class=\"elementor-element elementor-element-a09a170 elementor-grid-3 elementor-grid-tablet-3 elementor-grid-mobile-2 elementor-products-grid elementor-wc-products elementor-widget elementor-widget-woocommerce-products\" data-id=\"a09a170\" data-element_type=\"widget\" data-widget_type=\"woocommerce-products.default\">\n\t\t\t\t<div class=\"elementor-widget-container\">\n\t\t\t\t\t<div class=\"woocommerce columns-3 \"><ul class=\"products elementor-grid columns-3\">\n<li class=\"desktop-align-left tablet-align-left mobile-align-left product type-product post-32080 status-publish first instock product_cat-merch has-post-thumbnail sale taxable shipping-taxable purchasable product-type-variable\">\n\t<a href=\"https:\/\/otkert.hu\/hu\/termek\/otkert-telefontok\/\" class=\"woocommerce-LoopProduct-link woocommerce-loop-product__link\">\n\t<span  class=\"onsale\" data-notification=\"default\">Sale!<\/span>\n\t<img fetchpriority=\"high\" decoding=\"async\" width=\"367\" height=\"367\" src=\"https:\/\/otkert.hu\/wp-content\/uploads\/2023\/12\/fmi-7361-367x367.jpg\" class=\"attachment-woocommerce_thumbnail size-woocommerce_thumbnail\" alt=\"\u00d6TKERT telefontok\" srcset=\"https:\/\/otkert.hu\/wp-content\/uploads\/2023\/12\/fmi-7361-367x367.jpg 367w, https:\/\/otkert.hu\/wp-content\/uploads\/2023\/12\/fmi-7361-150x150.jpg 150w, https:\/\/otkert.hu\/wp-content\/uploads\/2023\/12\/fmi-7361-100x100.jpg 100w\" sizes=\"(max-width: 367px) 100vw, 367px\" \/><h2 class=\"woocommerce-loop-product__title\">\u00f6tkert x mobilfox phonecase<\/h2>\n\t<span class=\"price\"><del aria-hidden=\"true\"><span class=\"woocommerce-Price-amount amount\"><bdi>10900&nbsp;<span class=\"woocommerce-Price-currencySymbol\">&#70;&#116;<\/span><\/bdi><\/span><\/del> <span class=\"screen-reader-text\">Original price was: 10900&nbsp;&#070;&#116;.<\/span><ins aria-hidden=\"true\"><span class=\"woocommerce-Price-amount amount\"><bdi>8900&nbsp;<span class=\"woocommerce-Price-currencySymbol\">&#70;&#116;<\/span><\/bdi><\/span><\/ins><span class=\"screen-reader-text\">Current price is: 8900&nbsp;&#070;&#116;.<\/span><\/span>\n<\/a><a href=\"https:\/\/otkert.hu\/hu\/termek\/otkert-telefontok\/\" aria-describedby=\"woocommerce_loop_add_to_cart_link_describedby_32080\" data-quantity=\"1\" class=\"button product_type_variable add_to_cart_button\" data-product_id=\"32080\" data-product_sku=\"OTKERT-TOK-1\" aria-label=\"V\u00e1lasszunk &ldquo;\u00f6tkert x mobilfox phonecase&rdquo; lehet\u0151s\u00e9gek k\u00f6z\u00fcl\" rel=\"nofollow\">Opci\u00f3k v\u00e1laszt\u00e1sa<\/a>\t<span id=\"woocommerce_loop_add_to_cart_link_describedby_32080\" class=\"screen-reader-text\">\n\t\tEnnek a term\u00e9knek t\u00f6bb vari\u00e1ci\u00f3ja van. A v\u00e1ltozatok a term\u00e9koldalon v\u00e1laszthat\u00f3k ki\t<\/span>\n<\/li>\n<li class=\"desktop-align-left tablet-align-left mobile-align-left product type-product post-32170 status-publish instock product_cat-merch has-post-thumbnail sale taxable shipping-taxable purchasable product-type-variable\">\n\t<a href=\"https:\/\/otkert.hu\/hu\/termek\/otkert-telefontok-3\/\" class=\"woocommerce-LoopProduct-link woocommerce-loop-product__link\">\n\t<span  class=\"onsale\" data-notification=\"default\">Sale!<\/span>\n\t<img decoding=\"async\" width=\"367\" height=\"367\" src=\"https:\/\/otkert.hu\/wp-content\/uploads\/2023\/12\/fmi-7368-367x367.jpg\" class=\"attachment-woocommerce_thumbnail size-woocommerce_thumbnail\" alt=\"\u00d6TKERT telefontok\" srcset=\"https:\/\/otkert.hu\/wp-content\/uploads\/2023\/12\/fmi-7368-367x367.jpg 367w, https:\/\/otkert.hu\/wp-content\/uploads\/2023\/12\/fmi-7368-150x150.jpg 150w, https:\/\/otkert.hu\/wp-content\/uploads\/2023\/12\/fmi-7368-100x100.jpg 100w\" sizes=\"(max-width: 367px) 100vw, 367px\" \/><h2 class=\"woocommerce-loop-product__title\">\u00f6tkert x mobilfox phonecase<\/h2>\n\t<span class=\"price\"><del aria-hidden=\"true\"><span class=\"woocommerce-Price-amount amount\"><bdi>10900&nbsp;<span class=\"woocommerce-Price-currencySymbol\">&#70;&#116;<\/span><\/bdi><\/span><\/del> <span class=\"screen-reader-text\">Original price was: 10900&nbsp;&#070;&#116;.<\/span><ins aria-hidden=\"true\"><span class=\"woocommerce-Price-amount amount\"><bdi>8900&nbsp;<span class=\"woocommerce-Price-currencySymbol\">&#70;&#116;<\/span><\/bdi><\/span><\/ins><span class=\"screen-reader-text\">Current price is: 8900&nbsp;&#070;&#116;.<\/span><\/span>\n<\/a><a href=\"https:\/\/otkert.hu\/hu\/termek\/otkert-telefontok-3\/\" aria-describedby=\"woocommerce_loop_add_to_cart_link_describedby_32170\" data-quantity=\"1\" class=\"button product_type_variable add_to_cart_button\" data-product_id=\"32170\" data-product_sku=\"OTKERT-TOK-2\" aria-label=\"V\u00e1lasszunk &ldquo;\u00f6tkert x mobilfox phonecase&rdquo; lehet\u0151s\u00e9gek k\u00f6z\u00fcl\" rel=\"nofollow\">Opci\u00f3k v\u00e1laszt\u00e1sa<\/a>\t<span id=\"woocommerce_loop_add_to_cart_link_describedby_32170\" class=\"screen-reader-text\">\n\t\tEnnek a term\u00e9knek t\u00f6bb vari\u00e1ci\u00f3ja van. A v\u00e1ltozatok a term\u00e9koldalon v\u00e1laszthat\u00f3k ki\t<\/span>\n<\/li>\n<li class=\"desktop-align-left tablet-align-left mobile-align-left product type-product post-32177 status-publish last instock product_cat-merch has-post-thumbnail sale taxable shipping-taxable purchasable product-type-variable\">\n\t<a href=\"https:\/\/otkert.hu\/hu\/termek\/otkert-telefontok-2\/\" class=\"woocommerce-LoopProduct-link woocommerce-loop-product__link\">\n\t<span  class=\"onsale\" data-notification=\"default\">Sale!<\/span>\n\t<img decoding=\"async\" width=\"367\" height=\"367\" src=\"https:\/\/otkert.hu\/wp-content\/uploads\/2023\/12\/fmi-7378-367x367.jpg\" class=\"attachment-woocommerce_thumbnail size-woocommerce_thumbnail\" alt=\"\u00d6TKERT telefontok\" srcset=\"https:\/\/otkert.hu\/wp-content\/uploads\/2023\/12\/fmi-7378-367x367.jpg 367w, https:\/\/otkert.hu\/wp-content\/uploads\/2023\/12\/fmi-7378-150x150.jpg 150w, https:\/\/otkert.hu\/wp-content\/uploads\/2023\/12\/fmi-7378-100x100.jpg 100w\" sizes=\"(max-width: 367px) 100vw, 367px\" \/><h2 class=\"woocommerce-loop-product__title\">\u00f6tkert x mobilfox phonecase<\/h2>\n\t<span class=\"price\"><del aria-hidden=\"true\"><span class=\"woocommerce-Price-amount amount\"><bdi>10900&nbsp;<span class=\"woocommerce-Price-currencySymbol\">&#70;&#116;<\/span><\/bdi><\/span><\/del> <span class=\"screen-reader-text\">Original price was: 10900&nbsp;&#070;&#116;.<\/span><ins aria-hidden=\"true\"><span class=\"woocommerce-Price-amount amount\"><bdi>8900&nbsp;<span class=\"woocommerce-Price-currencySymbol\">&#70;&#116;<\/span><\/bdi><\/span><\/ins><span class=\"screen-reader-text\">Current price is: 8900&nbsp;&#070;&#116;.<\/span><\/span>\n<\/a><a href=\"https:\/\/otkert.hu\/hu\/termek\/otkert-telefontok-2\/\" aria-describedby=\"woocommerce_loop_add_to_cart_link_describedby_32177\" data-quantity=\"1\" class=\"button product_type_variable add_to_cart_button\" data-product_id=\"32177\" data-product_sku=\"OTKERT-TOK-3\" aria-label=\"V\u00e1lasszunk &ldquo;\u00f6tkert x mobilfox phonecase&rdquo; lehet\u0151s\u00e9gek k\u00f6z\u00fcl\" rel=\"nofollow\">Opci\u00f3k v\u00e1laszt\u00e1sa<\/a>\t<span id=\"woocommerce_loop_add_to_cart_link_describedby_32177\" class=\"screen-reader-text\">\n\t\tEnnek a term\u00e9knek t\u00f6bb vari\u00e1ci\u00f3ja van. A v\u00e1ltozatok a term\u00e9koldalon v\u00e1laszthat\u00f3k ki\t<\/span>\n<\/li>\n<\/ul>\n<\/div>\t\t\t\t<\/div>\n\t\t\t\t<\/div>\n\t\t\t\t\t<\/div>\n\t\t\t\t<\/div>\n\t\t<div class=\"elementor-element elementor-element-e6775fc e-flex e-con-boxed e-con e-parent\" data-id=\"e6775fc\" data-element_type=\"container\" data-settings=\"{&quot;jet_parallax_layout_list&quot;:[]}\">\n\t\t\t\t\t<div class=\"e-con-inner\">\n\t\t\t\t<div class=\"elementor-element elementor-element-7202409 elementor-widget elementor-widget-text-editor\" data-id=\"7202409\" data-element_type=\"widget\" data-widget_type=\"text-editor.default\">\n\t\t\t\t<div class=\"elementor-widget-container\">\n\t\t\t\t\t\t\t\t\t<p>A Panaszdoboz.hu \u00e1ltal fel\u00fcgyelt vissza\u00e9l\u00e9s-bejelent\u00e9si fel\u00fclet\u00fcnk itt tal\u00e1lhat\u00f3:\u00a0<a class=\"ring-ui-link_e6e5\" href=\"https:\/\/panaszdoboz.hu\/otkert-ingatlanhasznosito-es-szolgaltato-kft\/\" target=\"_blank\" rel=\"noopener noreferrer nofollow\"><span class=\"ring-ui-inner_e3ba\">https:\/\/panaszdoboz.hu\/otkert-ingatlanhasznosito-es-szolgaltato-kft\/<\/span><\/a><\/p>\t\t\t\t\t\t\t\t<\/div>\n\t\t\t\t<\/div>\n\t\t\t\t\t<\/div>\n\t\t\t\t<\/div>\n\t\t\t\t<\/div>\n\t\t","protected":false},"excerpt":{"rendered":"<p>A Panaszdoboz.hu \u00e1ltal fel\u00fcgyelt vissza\u00e9l\u00e9s-bejelent\u00e9si fel\u00fclet\u00fcnk itt tal\u00e1lhat\u00f3:\u00a0https:\/\/panaszdoboz.hu\/otkert-ingatlanhasznosito-es-szolgaltato-kft\/<\/p>\n","protected":false},"author":116,"featured_media":0,"parent":0,"menu_order":0,"comment_status":"closed","ping_status":"closed","template":"","meta":{"_acf_changed":false,"site-sidebar-layout":"default","site-content-layout":"","ast-site-content-layout":"default","site-content-style":"default","site-sidebar-style":"default","ast-global-header-display":"","ast-banner-title-visibility":"","ast-main-header-display":"","ast-hfb-above-header-display":"","ast-hfb-below-header-display":"","ast-hfb-mobile-header-display":"","site-post-title":"","ast-breadcrumbs-content":"","ast-featured-img":"disabled","footer-sml-layout":"","theme-transparent-header-meta":"","adv-header-id-meta":"","stick-header-meta":"","header-above-stick-meta":"","header-main-stick-meta":"","header-below-stick-meta":"","astra-migrate-meta-layouts":"default","ast-page-background-enabled":"default","ast-page-background-meta":{"desktop":{"background-color":"var(--ast-global-color-4)","background-image":"","background-repeat":"repeat","background-position":"center center","background-size":"auto","background-attachment":"scroll","background-type":"","background-media":"","overlay-type":"","overlay-color":"","overlay-opacity":"","overlay-gradient":""},"tablet":{"background-color":"","background-image":"","background-repeat":"repeat","background-position":"center center","background-size":"auto","background-attachment":"scroll","background-type":"","background-media":"","overlay-type":"","overlay-color":"","overlay-opacity":"","overlay-gradient":""},"mobile":{"background-color":"","background-image":"","background-repeat":"repeat","background-position":"center center","background-size":"auto","background-attachment":"scroll","background-type":"","background-media":"","overlay-type":"","overlay-color":"","overlay-opacity":"","overlay-gradient":""}},"ast-content-background-meta":{"desktop":{"background-color":"var(--ast-global-color-5)","background-image":"","background-repeat":"repeat","background-position":"center center","background-size":"auto","background-attachment":"scroll","background-type":"","background-media":"","overlay-type":"","overlay-color":"","overlay-opacity":"","overlay-gradient":""},"tablet":{"background-color":"var(--ast-global-color-5)","background-image":"","background-repeat":"repeat","background-position":"center center","background-size":"auto","background-attachment":"scroll","background-type":"","background-media":"","overlay-type":"","overlay-color":"","overlay-opacity":"","overlay-gradient":""},"mobile":{"background-color":"var(--ast-global-color-5)","background-image":"","background-repeat":"repeat","background-position":"center center","background-size":"auto","background-attachment":"scroll","background-type":"","background-media":"","overlay-type":"","overlay-color":"","overlay-opacity":"","overlay-gradient":""}},"footnotes":""},"class_list":["post-32213","page","type-page","status-publish","hentry"],"acf":[],"_links":{"self":[{"href":"https:\/\/otkert.hu\/hu\/wp-json\/wp\/v2\/pages\/32213","targetHints":{"allow":["GET"]}}],"collection":[{"href":"https:\/\/otkert.hu\/hu\/wp-json\/wp\/v2\/pages"}],"about":[{"href":"https:\/\/otkert.hu\/hu\/wp-json\/wp\/v2\/types\/page"}],"author":[{"embeddable":true,"href":"https:\/\/otkert.hu\/hu\/wp-json\/wp\/v2\/users\/116"}],"replies":[{"embeddable":true,"href":"https:\/\/otkert.hu\/hu\/wp-json\/wp\/v2\/comments?post=32213"}],"version-history":[{"count":0,"href":"https:\/\/otkert.hu\/hu\/wp-json\/wp\/v2\/pages\/32213\/revisions"}],"wp:attachment":[{"href":"https:\/\/otkert.hu\/hu\/wp-json\/wp\/v2\/media?parent=32213"}],"curies":[{"name":"wp","href":"https:\/\/api.w.org\/{rel}","templated":true}]}}