{"id":24903,"date":"2023-06-19T21:58:53","date_gmt":"2023-06-19T21:58:53","guid":{"rendered":"https:\/\/otkert.hu\/?page_id=24903"},"modified":"2025-11-24T08:40:41","modified_gmt":"2025-11-24T08:40:41","slug":"belepesi-szabalyzat","status":"publish","type":"page","link":"https:\/\/otkert.hu\/hu\/belepesi-szabalyzat\/","title":{"rendered":"Bel\u00e9ptet\u00e9si szab\u00e1lyzat"},"content":{"rendered":"\t\t<div data-elementor-type=\"wp-page\" data-elementor-id=\"24903\" class=\"elementor elementor-24903\" data-elementor-post-type=\"page\">\n\t\t\t\t<div class=\"elementor-element elementor-element-e67ba64 e-flex e-con-boxed e-con e-parent\" data-id=\"e67ba64\" data-element_type=\"container\" data-settings=\"{&quot;jet_parallax_layout_list&quot;:[]}\">\n\t\t\t\t\t<div class=\"e-con-inner\">\n\t\t\t\t<div class=\"elementor-element elementor-element-de5b4d6 elementor-widget elementor-widget-text-editor\" data-id=\"de5b4d6\" data-element_type=\"widget\" data-widget_type=\"text-editor.default\">\n\t\t\t\t<div class=\"elementor-widget-container\">\n\t\t\t\t\t\t\t\t\t<h4>1.\/ \u00c1ltal\u00e1nos bel\u00e9ptet\u00e9si szab\u00e1lyok<\/h4><p>1. Az \u00d6tkert ter\u00fclet\u00e9re csak olyan szem\u00e9ly l\u00e9phet be, aki elfogadja a h\u00e1zirendet \u00e9s<br \/>betartja az \u00fczlethelyis\u00e9g m\u0171k\u00f6d\u00e9si rendj\u00e9t.<br \/>2. Az \u00dczemeltet\u0151 az \u00d6tkertben tart\u00f3zkod\u00f3 t\u00f6bbi L\u00e1togat\u00f3 biztons\u00e1ga \u00e9s komfortja<br \/>\u00e9rdek\u00e9ben a bel\u00e9ptet\u00e9s ellen\u0151rz\u00e9s\u00e9nek jog\u00e1t fenntartja.<br \/>3. Az \u00d6tkertben dress code \u00e9s face control m\u0171k\u00f6dik; a bel\u00e9p\u00e9s ennek megfelel\u0151en<br \/>korl\u00e1tozhat\u00f3.<\/p><h4>2.\/ Bel\u00e9p\u00e9s megtagad\u00e1sa<\/h4><p>Az \u00d6tkert ter\u00fclet\u00e9re nem l\u00e9phet be, illetve bel\u00e9p\u00e9se megtagadhat\u00f3 annak a szem\u00e9lynek:<br \/>\u25cf aki szemmel l\u00e1that\u00f3an alkohol vagy k\u00e1b\u00edt\u00f3szer befoly\u00e1sa alatt \u00e1ll, vagy b\u00f3dult, zavart \u00e1llapotot mutat;<br \/>\u25cf aki nem megfelel\u0151 ruh\u00e1zatban \u00e9rkezik a dress code el\u0151\u00edr\u00e1saihoz k\u00e9pest;<br \/>\u25cf akinek a magatart\u00e1sa kultur\u00e1latlan, agressz\u00edv, tiszteletlen, vagy a k\u00f6zbiztons\u00e1gra<br \/>vesz\u00e9lyes;<br \/>\u25cf akin\u00e9l b\u00e1rmilyen vesz\u00e9lyes t\u00e1rgy vagy eszk\u00f6z tal\u00e1lhat\u00f3;<br \/>\u25cf akit, vagy akinek t\u00e1rsas\u00e1g\u00e1t kor\u00e1bbi alkalommal jogs\u00e9rt\u0151 vagy zavar\u00f3 viselked\u00e9s<br \/>miatt az \u00d6tkert szem\u00e9lyzete kik\u00eds\u00e9rt;<br \/>\u25cf akit a szem\u00e9lyzet vagy a biztons\u00e1gi szolg\u00e1lat a bent tart\u00f3zkod\u00f3kra n\u00e9zve<br \/>vesz\u00e9lyesnek \u00edt\u00e9l meg.<br \/>A megtagad\u00e1s oka minden esetben az \u00dczemeltet\u0151 jogosults\u00e1ga a vend\u00e9gek biztons\u00e1g\u00e1nak v\u00e9delme \u00e9rdek\u00e9ben.<\/p><h4>3.\/ K\u00e1b\u00edt\u00f3szerrel kapcsolatos rendelkez\u00e9sek<\/h4><p>(A 2025. November 18-\u00e1n hat\u00e1lyba l\u00e9pett jogszab\u00e1lyi szigor\u00edt\u00e1sokhoz igaz\u00edtva.)<br \/>1. Az \u00d6tkert ter\u00fclet\u00e9n szigor\u00faan tilos b\u00e1rmilyen k\u00e1b\u00edt\u00f3szer vagy \u00faj pszichoakt\u00edv anyag haszn\u00e1lata, birtokl\u00e1sa, \u00e1tad\u00e1sa vagy kereskedelme.<br \/>2. A \u201ek\u00e1b\u00edt\u00f3szer\u201d fogalma mag\u00e1ban foglalja az \u00faj pszichoakt\u00edv anyagokat is, az aktu\u00e1lis hat\u00e1lyos jogszab\u00e1lyok szerint.<br \/>3. A biztons\u00e1gi szolg\u00e1lat jogosult bel\u00e9p\u00e9skor a vend\u00e9gek t\u00e1sk\u00e1j\u00e1t \u00e9s ruh\u00e1zat\u00e1t<br \/>megtekinteni, \u00e9s indokolt esetben igazoltatni vagy int\u00e9zkedni, ha k\u00e1b\u00edt\u00f3szer-gyan\u00fa<br \/>mer\u00fcl fel.<br \/>4. Amennyiben a vend\u00e9gr\u0151l meg\u00e1llap\u00edthat\u00f3, hogy k\u00e1b\u00edt\u00f3szer hat\u00e1sa alatt \u00e1ll, vagy a<br \/>ter\u00fcletre tiltott anyagot pr\u00f3b\u00e1l bevinni, a szem\u00e9ly bel\u00e9p\u00e9se megtagadhat\u00f3, vagy az<br \/>\u00d6tkertb\u0151l azonnal elt\u00e1vol\u00edthat\u00f3.<br \/>5. K\u00e1b\u00edt\u00f3szerrel kapcsolatos szab\u00e1lyszeg\u00e9s eset\u00e9n az \u00dczemeltet\u0151 bel\u00e9p\u00e9si tilalmat<br \/>rendelhet el hat\u00e1rozott vagy hat\u00e1rozatlan id\u0151tartamra.<br \/>6. Az \u00d6tkert fenntartja az egy\u00fcttm\u0171k\u00f6d\u00e9st a rend\u0151rs\u00e9ggel \u00e9s egy\u00e9b hat\u00f3s\u00e1gokkal;<br \/>sz\u00fcks\u00e9g eset\u00e9n a biztons\u00e1gi szolg\u00e1lat bejelent\u00e9st tesz.<\/p><h4>4.\/ Biztons\u00e1g \u00e9s szem\u00e9lyi felel\u0151ss\u00e9g<\/h4><p>1. A l\u00e1togat\u00f3k k\u00f6telesek a biztons\u00e1gi szem\u00e9lyzet utas\u00edt\u00e1sait k\u00f6vetni.<br \/>2. A vend\u00e9gek a bel\u00e9p\u00e9ssel tudom\u00e1sul veszik, hogy a h\u00e1zirend megs\u00e9rt\u00e9se eset\u00e9n az \u00dczemeltet\u0151 jogosult \u0151ket azonnal elt\u00e1vol\u00edtani.<br \/>3. A biztons\u00e1gi szolg\u00e1lat k\u00e9pz\u00e9st kap a jogszab\u00e1lyi k\u00f6vetelm\u00e9nyek, valamint a<br \/>droghaszn\u00e1latra utal\u00f3 jelek felismer\u00e9s\u00e9re. Hissz\u00fck, hogy a tiszta, min\u0151s\u00e9gi \u00e9s biztons\u00e1gos sz\u00f3rakoz\u00e1s mindannyiunk k\u00f6z\u00f6s \u00e9rdeke.<\/p><p>Tegy\u00fcnk \u00e9rte egy\u00fctt!<br \/>\u00d6tkert Menedzsment<\/p>\t\t\t\t\t\t\t\t<\/div>\n\t\t\t\t<\/div>\n\t\t\t\t\t<\/div>\n\t\t\t\t<\/div>\n\t\t\t\t<\/div>\n\t\t","protected":false},"excerpt":{"rendered":"<p>1.\/ \u00c1ltal\u00e1nos bel\u00e9ptet\u00e9si szab\u00e1lyok 1. Az \u00d6tkert ter\u00fclet\u00e9re csak olyan szem\u00e9ly l\u00e9phet be, aki elfogadja a h\u00e1zirendet \u00e9sbetartja az \u00fczlethelyis\u00e9g m\u0171k\u00f6d\u00e9si rendj\u00e9t.2. Az \u00dczemeltet\u0151 az \u00d6tkertben tart\u00f3zkod\u00f3 t\u00f6bbi L\u00e1togat\u00f3 biztons\u00e1ga \u00e9s komfortja\u00e9rdek\u00e9ben a bel\u00e9ptet\u00e9s ellen\u0151rz\u00e9s\u00e9nek jog\u00e1t fenntartja.3. Az \u00d6tkertben dress code \u00e9s face control m\u0171k\u00f6dik; a bel\u00e9p\u00e9s ennek megfelel\u0151enkorl\u00e1tozhat\u00f3. 2.\/ Bel\u00e9p\u00e9s megtagad\u00e1sa Az \u00d6tkert ter\u00fclet\u00e9re [&hellip;]<\/p>\n","protected":false},"author":1,"featured_media":0,"parent":0,"menu_order":0,"comment_status":"closed","ping_status":"closed","template":"","meta":{"_acf_changed":false,"site-sidebar-layout":"no-sidebar","site-content-layout":"page-builder","ast-site-content-layout":"default","site-content-style":"default","site-sidebar-style":"default","ast-global-header-display":"","ast-banner-title-visibility":"","ast-main-header-display":"","ast-hfb-above-header-display":"","ast-hfb-below-header-display":"","ast-hfb-mobile-header-display":"","site-post-title":"disabled","ast-breadcrumbs-content":"","ast-featured-img":"disabled","footer-sml-layout":"","theme-transparent-header-meta":"","adv-header-id-meta":"","stick-header-meta":"","header-above-stick-meta":"","header-main-stick-meta":"","header-below-stick-meta":"","astra-migrate-meta-layouts":"default","ast-page-background-enabled":"default","ast-page-background-meta":{"desktop":{"background-color":"var(--ast-global-color-4)","background-image":"","background-repeat":"repeat","background-position":"center center","background-size":"auto","background-attachment":"scroll","background-type":"","background-media":"","overlay-type":"","overlay-color":"","overlay-opacity":"","overlay-gradient":""},"tablet":{"background-color":"","background-image":"","background-repeat":"repeat","background-position":"center center","background-size":"auto","background-attachment":"scroll","background-type":"","background-media":"","overlay-type":"","overlay-color":"","overlay-opacity":"","overlay-gradient":""},"mobile":{"background-color":"","background-image":"","background-repeat":"repeat","background-position":"center center","background-size":"auto","background-attachment":"scroll","background-type":"","background-media":"","overlay-type":"","overlay-color":"","overlay-opacity":"","overlay-gradient":""}},"ast-content-background-meta":{"desktop":{"background-color":"var(--ast-global-color-5)","background-image":"","background-repeat":"repeat","background-position":"center center","background-size":"auto","background-attachment":"scroll","background-type":"","background-media":"","overlay-type":"","overlay-color":"","overlay-opacity":"","overlay-gradient":""},"tablet":{"background-color":"var(--ast-global-color-5)","background-image":"","background-repeat":"repeat","background-position":"center center","background-size":"auto","background-attachment":"scroll","background-type":"","background-media":"","overlay-type":"","overlay-color":"","overlay-opacity":"","overlay-gradient":""},"mobile":{"background-color":"var(--ast-global-color-5)","background-image":"","background-repeat":"repeat","background-position":"center center","background-size":"auto","background-attachment":"scroll","background-type":"","background-media":"","overlay-type":"","overlay-color":"","overlay-opacity":"","overlay-gradient":""}},"footnotes":""},"class_list":["post-24903","page","type-page","status-publish","hentry"],"acf":[],"_links":{"self":[{"href":"https:\/\/otkert.hu\/hu\/wp-json\/wp\/v2\/pages\/24903","targetHints":{"allow":["GET"]}}],"collection":[{"href":"https:\/\/otkert.hu\/hu\/wp-json\/wp\/v2\/pages"}],"about":[{"href":"https:\/\/otkert.hu\/hu\/wp-json\/wp\/v2\/types\/page"}],"author":[{"embeddable":true,"href":"https:\/\/otkert.hu\/hu\/wp-json\/wp\/v2\/users\/1"}],"replies":[{"embeddable":true,"href":"https:\/\/otkert.hu\/hu\/wp-json\/wp\/v2\/comments?post=24903"}],"version-history":[{"count":28,"href":"https:\/\/otkert.hu\/hu\/wp-json\/wp\/v2\/pages\/24903\/revisions"}],"predecessor-version":[{"id":48699,"href":"https:\/\/otkert.hu\/hu\/wp-json\/wp\/v2\/pages\/24903\/revisions\/48699"}],"wp:attachment":[{"href":"https:\/\/otkert.hu\/hu\/wp-json\/wp\/v2\/media?parent=24903"}],"curies":[{"name":"wp","href":"https:\/\/api.w.org\/{rel}","templated":true}]}}