{"id":16545,"date":"2022-11-18T10:04:35","date_gmt":"2022-11-18T08:04:35","guid":{"rendered":"https:\/\/otkert.hu\/?page_id=16545"},"modified":"2023-07-08T08:25:04","modified_gmt":"2023-07-08T08:25:04","slug":"marketing-gyakornokot-keresunk","status":"publish","type":"page","link":"https:\/\/otkert.hu\/hu\/marketing-gyakornokot-keresunk\/","title":{"rendered":"Marketing gyakornokot keres\u00fcnk"},"content":{"rendered":"\t\t<div data-elementor-type=\"wp-page\" data-elementor-id=\"16545\" class=\"elementor elementor-16545\" data-elementor-post-type=\"page\">\n\t\t\t\t<div class=\"elementor-element elementor-element-38e42eb e-flex e-con-boxed e-con e-parent\" data-id=\"38e42eb\" data-element_type=\"container\" data-settings=\"{&quot;jet_parallax_layout_list&quot;:[]}\">\n\t\t\t\t\t<div class=\"e-con-inner\">\n\t\t\t\t<div class=\"elementor-element elementor-element-5cdb462 elementor-widget elementor-widget-text-editor\" data-id=\"5cdb462\" data-element_type=\"widget\" data-widget_type=\"text-editor.default\">\n\t\t\t\t<div class=\"elementor-widget-container\">\n\t\t\t\t\t\t\t\t\tMarketing gyakornokot keres\u00fcnk!\t\t\t\t\t\t\t\t<\/div>\n\t\t\t\t<\/div>\n\t\t\t\t<div class=\"elementor-element elementor-element-2fe4981 elementor-widget elementor-widget-text-editor\" data-id=\"2fe4981\" data-element_type=\"widget\" data-widget_type=\"text-editor.default\">\n\t\t\t\t<div class=\"elementor-widget-container\">\n\t\t\t\t\t\t\t\t\tL\u00e9telemed a p\u00f6rg\u00e9s, a v\u00e1ltozatos rendezv\u00e9nyek? Igaz\u00e1n ki\u00e9ln\u00e9d kreativit\u00e1sod? Szeretn\u00e9l egy szuper csapat r\u00e9sze lenni? Sz\u00edvesen dolgozn\u00e1l Budapest kedvenc sz\u00f3rakoz\u00f3hely\u00e9n? Jelentkezz az \u00d6TKERT-be marketing managernek!\t\t\t\t\t\t\t\t<\/div>\n\t\t\t\t<\/div>\n\t\t\t\t<div class=\"elementor-element elementor-element-e68d2a8 elementor-widget elementor-widget-text-editor\" data-id=\"e68d2a8\" data-element_type=\"widget\" data-widget_type=\"text-editor.default\">\n\t\t\t\t<div class=\"elementor-widget-container\">\n\t\t\t\t\t\t\t\t\tF\u0151bb feladatok, munk\u00e1k:\t\t\t\t\t\t\t\t<\/div>\n\t\t\t\t<\/div>\n\t\t\t\t<div class=\"elementor-element elementor-element-224f6c2 elementor-widget elementor-widget-text-editor\" data-id=\"224f6c2\" data-element_type=\"widget\" data-widget_type=\"text-editor.default\">\n\t\t\t\t<div class=\"elementor-widget-container\">\n\t\t\t\t\t\t\t\t\t<p>&#8211; Tartalomgy\u00e1rt\u00e1s social media platformjainkra<br \/>&#8211; \u00dczenetek, v\u00e9lem\u00e9nyek kezel\u00e9se<br \/>&#8211; Offline anyagok gy\u00e1rt\u00e1s\u00e1ban val\u00f3 seg\u00edts\u00e9g<br \/>&#8211; Rendezv\u00e9nyszervez\u00e9sben val\u00f3 r\u00e9szv\u00e9tel<br \/>&#8211; Marketing managerek munk\u00e1j\u00e1nak seg\u00edt\u00e9se<\/p>\t\t\t\t\t\t\t\t<\/div>\n\t\t\t\t<\/div>\n\t\t\t\t<div class=\"elementor-element elementor-element-e3a97b4 elementor-widget elementor-widget-text-editor\" data-id=\"e3a97b4\" data-element_type=\"widget\" data-widget_type=\"text-editor.default\">\n\t\t\t\t<div class=\"elementor-widget-container\">\n\t\t\t\t\t\t\t\t\tAz \u00e1ll\u00e1shoz tartoz\u00f3 elv\u00e1r\u00e1sok:\t\t\t\t\t\t\t\t<\/div>\n\t\t\t\t<\/div>\n\t\t\t\t<div class=\"elementor-element elementor-element-ee2868d elementor-widget elementor-widget-text-editor\" data-id=\"ee2868d\" data-element_type=\"widget\" data-widget_type=\"text-editor.default\">\n\t\t\t\t<div class=\"elementor-widget-container\">\n\t\t\t\t\t\t\t\t\t<p>&#8211; Kommunik\u00e1ci\u00f3k\u00e9pes angol nyelvtud\u00e1s sz\u00f3ban \u00e9s \u00edr\u00e1sban<br \/>&#8211; \u00d6n\u00e1ll\u00f3, proakt\u00edv munkav\u00e9gz\u00e9s<br \/>&#8211; A vend\u00e9gl\u00e1t\u00e1s \u00e9s a sz\u00f3rakoztat\u00f3ipar trendjeinek ismerete<\/p>\t\t\t\t\t\t\t\t<\/div>\n\t\t\t\t<\/div>\n\t\t\t\t<div class=\"elementor-element elementor-element-e19ec7a elementor-widget elementor-widget-text-editor\" data-id=\"e19ec7a\" data-element_type=\"widget\" data-widget_type=\"text-editor.default\">\n\t\t\t\t<div class=\"elementor-widget-container\">\n\t\t\t\t\t\t\t\t\tAz \u00e1ll\u00e1s bet\u00f6lt\u00e9s\u00e9hez el\u0151nyt jelent:\t\t\t\t\t\t\t\t<\/div>\n\t\t\t\t<\/div>\n\t\t\t\t<div class=\"elementor-element elementor-element-c3201a2 elementor-widget elementor-widget-text-editor\" data-id=\"c3201a2\" data-element_type=\"widget\" data-widget_type=\"text-editor.default\">\n\t\t\t\t<div class=\"elementor-widget-container\">\n\t\t\t\t\t\t\t\t\t<p>&#8211; Vend\u00e9gl\u00e1t\u00f3 \u00e9s\/vagy sz\u00f3rakoztat\u00f3ipari szektorban szerzett tapasztalatod is van<br \/>&#8211; Szereted a kih\u00edv\u00e1sokat \u00e9s j\u00f3l teljes\u00edtesz megn\u00f6vekedett munkamennyis\u00e9g mellett is<br \/>&#8211; Fels\u0151fok\u00fa v\u00e9gzetts\u00e9g marketing vagy kommunik\u00e1ci\u00f3s szakir\u00e1nyon<\/p>\t\t\t\t\t\t\t\t<\/div>\n\t\t\t\t<\/div>\n\t\t\t\t<div class=\"elementor-element elementor-element-3f64b58 elementor-widget elementor-widget-text-editor\" data-id=\"3f64b58\" data-element_type=\"widget\" data-widget_type=\"text-editor.default\">\n\t\t\t\t<div class=\"elementor-widget-container\">\n\t\t\t\t\t\t\t\t\tAmit k\u00edn\u00e1lunk:\n\t\t\t\t\t\t\t\t<\/div>\n\t\t\t\t<\/div>\n\t\t\t\t<div class=\"elementor-element elementor-element-1aa8e0f elementor-widget elementor-widget-text-editor\" data-id=\"1aa8e0f\" data-element_type=\"widget\" data-widget_type=\"text-editor.default\">\n\t\t\t\t<div class=\"elementor-widget-container\">\n\t\t\t\t\t\t\t\t\t<p>&#8211; Izgalmas, sz\u00ednes projektek<br \/>&#8211; Laza \u00e9s bar\u00e1ts\u00e1gos l\u00e9gk\u00f6r<br \/>&#8211; Belv\u00e1rosi iroda, ingyen k\u00e1v\u00e9val \u00e9s nasival- Versenyk\u00e9pes b\u00e9rez\u00e9s<br \/>&#8211; Oktat\u00e1sok, tov\u00e1bbk\u00e9pz\u00e9sek<br \/>&#8211; Rendszeres csapat\u00e9p\u00edt\u0151 programok<\/p>\t\t\t\t\t\t\t\t<\/div>\n\t\t\t\t<\/div>\n\t\t\t\t\t<\/div>\n\t\t\t\t<\/div>\n\t\t\t\t<\/div>\n\t\t","protected":false},"excerpt":{"rendered":"<p>Marketing gyakornokot keres\u00fcnk!L\u00e9telemed a p\u00f6rg\u00e9s, a v\u00e1ltozatos rendezv\u00e9nyek? Igaz\u00e1n ki\u00e9ln\u00e9d kreativit\u00e1sod? Szeretn\u00e9l egy szuper csapat r\u00e9sze lenni? Sz\u00edvesen dolgozn\u00e1l Budapest kedvenc sz\u00f3rakoz\u00f3hely\u00e9n? Jelentkezz az \u00d6TKERT-be marketing managernek!F\u0151bb feladatok, munk\u00e1k: &#8211; Tartalomgy\u00e1rt\u00e1s social media platformjainkra&#8211; \u00dczenetek, v\u00e9lem\u00e9nyek kezel\u00e9se&#8211; Offline anyagok gy\u00e1rt\u00e1s\u00e1ban val\u00f3 seg\u00edts\u00e9g&#8211; Rendezv\u00e9nyszervez\u00e9sben val\u00f3 r\u00e9szv\u00e9tel&#8211; Marketing managerek munk\u00e1j\u00e1nak seg\u00edt\u00e9se Az \u00e1ll\u00e1shoz tartoz\u00f3 elv\u00e1r\u00e1sok: &#8211; Kommunik\u00e1ci\u00f3k\u00e9pes [&hellip;]<\/p>\n","protected":false},"author":1,"featured_media":0,"parent":0,"menu_order":0,"comment_status":"closed","ping_status":"closed","template":"","meta":{"_acf_changed":false,"site-sidebar-layout":"no-sidebar","site-content-layout":"page-builder","ast-site-content-layout":"default","site-content-style":"default","site-sidebar-style":"default","ast-global-header-display":"","ast-banner-title-visibility":"","ast-main-header-display":"","ast-hfb-above-header-display":"","ast-hfb-below-header-display":"","ast-hfb-mobile-header-display":"","site-post-title":"disabled","ast-breadcrumbs-content":"","ast-featured-img":"disabled","footer-sml-layout":"","theme-transparent-header-meta":"","adv-header-id-meta":"","stick-header-meta":"","header-above-stick-meta":"","header-main-stick-meta":"","header-below-stick-meta":"","astra-migrate-meta-layouts":"default","ast-page-background-enabled":"default","ast-page-background-meta":{"desktop":{"background-color":"var(--ast-global-color-4)","background-image":"","background-repeat":"repeat","background-position":"center center","background-size":"auto","background-attachment":"scroll","background-type":"","background-media":"","overlay-type":"","overlay-color":"","overlay-opacity":"","overlay-gradient":""},"tablet":{"background-color":"","background-image":"","background-repeat":"repeat","background-position":"center center","background-size":"auto","background-attachment":"scroll","background-type":"","background-media":"","overlay-type":"","overlay-color":"","overlay-opacity":"","overlay-gradient":""},"mobile":{"background-color":"","background-image":"","background-repeat":"repeat","background-position":"center center","background-size":"auto","background-attachment":"scroll","background-type":"","background-media":"","overlay-type":"","overlay-color":"","overlay-opacity":"","overlay-gradient":""}},"ast-content-background-meta":{"desktop":{"background-color":"var(--ast-global-color-5)","background-image":"","background-repeat":"repeat","background-position":"center center","background-size":"auto","background-attachment":"scroll","background-type":"","background-media":"","overlay-type":"","overlay-color":"","overlay-opacity":"","overlay-gradient":""},"tablet":{"background-color":"var(--ast-global-color-5)","background-image":"","background-repeat":"repeat","background-position":"center center","background-size":"auto","background-attachment":"scroll","background-type":"","background-media":"","overlay-type":"","overlay-color":"","overlay-opacity":"","overlay-gradient":""},"mobile":{"background-color":"var(--ast-global-color-5)","background-image":"","background-repeat":"repeat","background-position":"center center","background-size":"auto","background-attachment":"scroll","background-type":"","background-media":"","overlay-type":"","overlay-color":"","overlay-opacity":"","overlay-gradient":""}},"footnotes":""},"class_list":["post-16545","page","type-page","status-publish","hentry"],"acf":[],"_links":{"self":[{"href":"https:\/\/otkert.hu\/hu\/wp-json\/wp\/v2\/pages\/16545","targetHints":{"allow":["GET"]}}],"collection":[{"href":"https:\/\/otkert.hu\/hu\/wp-json\/wp\/v2\/pages"}],"about":[{"href":"https:\/\/otkert.hu\/hu\/wp-json\/wp\/v2\/types\/page"}],"author":[{"embeddable":true,"href":"https:\/\/otkert.hu\/hu\/wp-json\/wp\/v2\/users\/1"}],"replies":[{"embeddable":true,"href":"https:\/\/otkert.hu\/hu\/wp-json\/wp\/v2\/comments?post=16545"}],"version-history":[{"count":0,"href":"https:\/\/otkert.hu\/hu\/wp-json\/wp\/v2\/pages\/16545\/revisions"}],"wp:attachment":[{"href":"https:\/\/otkert.hu\/hu\/wp-json\/wp\/v2\/media?parent=16545"}],"curies":[{"name":"wp","href":"https:\/\/api.w.org\/{rel}","templated":true}]}}